{"id":796,"date":"2015-05-23T19:51:17","date_gmt":"2015-05-23T17:51:17","guid":{"rendered":"http:\/\/www.linie41-film.net\/en\/?page_id=796"},"modified":"2016-11-05T17:52:43","modified_gmt":"2016-11-05T16:52:43","slug":"crew-list","status":"publish","type":"page","link":"http:\/\/www.linie41-film.net\/en\/crew-list\/","title":{"rendered":"Crew List"},"content":{"rendered":"<p>Director and producer: <strong>Tanja Cummings<\/strong><\/p>\n<p>Camera and Editing:<strong> Marek Iwicki<\/strong><\/p>\n<p>Sound Editor\/Mixing: <strong>Jochen Jezussek (<a href=\"http:\/\/www.poleposition-dc.de\">www.poleposition-dc.de<\/a>)<br \/>\n<\/strong><\/p>\n<p>Colour Correction: <strong>Wolfgang Gaube<\/strong><\/p>\n<p>Music and Sounddesign: <strong>Robert <\/strong><strong>Cummings<\/strong><\/p>\n<p>Second camera: <strong>Jakob Wei\u00df, Patrick Lindhof<\/strong><\/p>\n<p>Title Design: <strong>Martin Hirsch<br \/>\n<\/strong><\/p>\n<p>Animation: <strong>Martin Hirsch, Roman Blauth<\/strong><\/p>\n<p>Digital Intermediate: <strong>Roman Blauth<\/strong><\/p>\n<p>Drawings: <strong>Tanja Cummings<\/strong><\/p>\n<p>Musician\/piano: <strong>Philipp von Rothkirch<\/strong><\/p>\n<p>Historical Consulting\/Research Help: <strong>Ewa Wiatr (Universitity of Lodz), Prof. Dr. Krystyna Radziszewska ((Universitity of Lodz), Iza Terela (Muzeum Tradycji Niepodleg\u0142o\u015bciowych w \u0141odzi), Dr. Andrea L\u00f6w (Institut f\u00fcr Zeitgeschichte, Munich)<\/strong><\/p>\n<p>Production Assistents: <strong>Magdalena Stefanska, Tamara Jaworowska, Juliana Olesiewicz, Roman Blauth, Patrycja Wasilewska<\/strong><\/p>\n<p>Translations:\u00a0<strong>Magdalena Stefanska, Tamara Jaworowska, Juliana Olesiewicz, Patrycja Wasilewska, Tanja Cummings, Robert Cummings<br \/>\n<\/strong><\/p>\n<p>Transcriptions:<strong>\u00a0Anna Cummings,\u00a0 Magdalena Stefanska, Tanja Cummings, Tamara Jaworowska, Juliana Olesiewicz<br \/>\n<\/strong><\/p>\n<p>Legal Consulting:<strong> Sophie Mahlo<\/strong><\/p>\n<p>Subtitling: <strong>Anna Cummings, Tanja Cummings<\/strong><\/p>\n<p>Co-Production: <strong>Christian Frosch (Weltfilm GmbH)<\/strong><\/p>\n","protected":false},"excerpt":{"rendered":"<p>Director and producer: Tanja Cummings Camera and Editing: Marek Iwicki Sound Editor\/Mixing: Jochen Jezussek (www.poleposition-dc.de) Colour Correction: Wolfgang Gaube Music and Sounddesign: Robert Cummings Second camera: Jakob Wei\u00df, Patrick Lindhof Title Design: Martin Hirsch Animation: Martin Hirsch, Roman Blauth Digital Intermediate: Roman Blauth Drawings: Tanja Cummings Musician\/piano: Philipp von Rothkirch Historical Consulting\/Research Help: Ewa Wiatr <\/p>\n","protected":false},"author":1,"featured_media":0,"parent":0,"menu_order":0,"comment_status":"closed","ping_status":"closed","template":"","meta":{"footnotes":""},"class_list":["post-796","page","type-page","status-publish","hentry"],"_links":{"self":[{"href":"http:\/\/www.linie41-film.net\/en\/wp-json\/wp\/v2\/pages\/796","targetHints":{"allow":["GET"]}}],"collection":[{"href":"http:\/\/www.linie41-film.net\/en\/wp-json\/wp\/v2\/pages"}],"about":[{"href":"http:\/\/www.linie41-film.net\/en\/wp-json\/wp\/v2\/types\/page"}],"author":[{"embeddable":true,"href":"http:\/\/www.linie41-film.net\/en\/wp-json\/wp\/v2\/users\/1"}],"replies":[{"embeddable":true,"href":"http:\/\/www.linie41-film.net\/en\/wp-json\/wp\/v2\/comments?post=796"}],"version-history":[{"count":6,"href":"http:\/\/www.linie41-film.net\/en\/wp-json\/wp\/v2\/pages\/796\/revisions"}],"predecessor-version":[{"id":1933,"href":"http:\/\/www.linie41-film.net\/en\/wp-json\/wp\/v2\/pages\/796\/revisions\/1933"}],"wp:attachment":[{"href":"http:\/\/www.linie41-film.net\/en\/wp-json\/wp\/v2\/media?parent=796"}],"curies":[{"name":"wp","href":"https:\/\/api.w.org\/{rel}","templated":true}]}}