{"id":793,"date":"2015-05-24T14:30:42","date_gmt":"2015-05-24T12:30:42","guid":{"rendered":"http:\/\/www.linie41-film.net\/en\/kernteam\/"},"modified":"2016-02-14T21:44:33","modified_gmt":"2016-02-14T20:44:33","slug":"kernteam","status":"publish","type":"page","link":"http:\/\/www.linie41-film.net\/en\/kernteam\/","title":{"rendered":"Kernteam"},"content":{"rendered":"<p><a href=\"http:\/\/www.linie41-film.net\/wp-content\/uploads\/2015\/04\/68a.jpg\"><img loading=\"lazy\" decoding=\"async\" class=\" wp-image-405  alignright\" src=\"http:\/\/www.linie41-film.net\/wp-content\/uploads\/2015\/04\/68a.jpg\" alt=\"68a\" width=\"394\" height=\"375\" srcset=\"http:\/\/www.linie41-film.net\/wp-content\/uploads\/2015\/04\/68a.jpg 868w, http:\/\/www.linie41-film.net\/wp-content\/uploads\/2015\/04\/68a-300x286.jpg 300w\" sizes=\"auto, (max-width: 394px) 100vw, 394px\" \/><\/a><strong>TANJA CUMMINGS\u00a0 &#8211; Recherche, Regie, Produktion:<\/strong> Magister der Philosophie und Anglistik (Literatur\/Linguistik) der Freien Universit\u00e4t Berlin. Seit 1998 Arbeit als Storyboardzeichnerin (Werbung, Kurzfilme, Spielfilme). 2006 Gr\u00fcndungsmitglied und seitem Projektleitung des Europ\u00e4ischen Vereins f\u00fcr Ost-West-Ann\u00e4herung (<a href=\"http:\/\/www.eva-verein.de\">EVA<\/a>). Seit 2007 Arbeit als Produzentin, Producerin und Produktionsassistentin f\u00fcr verschiedene Dokumentarfilme.<em> &#8220;Linie 41&#8221;<\/em> ist Tanjas Debut als Regisseurin eines l\u00e4ngeren Dokumentarfilms.<\/p>\n<p>&nbsp;<\/p>\n<p><a href=\"http:\/\/www.linie41-film.net\/wp-content\/uploads\/2015\/04\/MAR1319.jpeg\"><img loading=\"lazy\" decoding=\"async\" class=\" wp-image-401  alignleft\" src=\"http:\/\/www.linie41-film.net\/wp-content\/uploads\/2015\/04\/MAR1319.jpeg\" alt=\"_MAR1319\" width=\"469\" height=\"312\" srcset=\"http:\/\/www.linie41-film.net\/wp-content\/uploads\/2015\/04\/MAR1319.jpeg 640w, http:\/\/www.linie41-film.net\/wp-content\/uploads\/2015\/04\/MAR1319-300x200.jpeg 300w\" sizes=\"auto, (max-width: 469px) 100vw, 469px\" \/><\/a><\/p>\n<p><strong> Marek Iwicki<\/strong> &#8211; <strong>Kamera und Schnitt:<\/strong> Arbeitet seit 2004 als\u00a0 Kameramann und Cutter f\u00fcr Kunden wie das ZDF, den WDR, Spiegel TV, ARD.<\/p>\n","protected":false},"excerpt":{"rendered":"<p>TANJA CUMMINGS\u00a0 &#8211; Recherche, Regie, Produktion: Magister der Philosophie und Anglistik (Literatur\/Linguistik) der Freien Universit\u00e4t Berlin. Seit 1998 Arbeit als Storyboardzeichnerin (Werbung, Kurzfilme, Spielfilme). 2006 Gr\u00fcndungsmitglied und seitem Projektleitung des Europ\u00e4ischen Vereins f\u00fcr Ost-West-Ann\u00e4herung (EVA). Seit 2007 Arbeit als Produzentin, Producerin und Produktionsassistentin f\u00fcr verschiedene Dokumentarfilme. &#8220;Linie 41&#8221; ist Tanjas Debut als Regisseurin eines l\u00e4ngeren <\/p>\n","protected":false},"author":1,"featured_media":0,"parent":0,"menu_order":0,"comment_status":"closed","ping_status":"closed","template":"","meta":{"footnotes":""},"class_list":["post-793","page","type-page","status-publish","hentry"],"_links":{"self":[{"href":"http:\/\/www.linie41-film.net\/en\/wp-json\/wp\/v2\/pages\/793","targetHints":{"allow":["GET"]}}],"collection":[{"href":"http:\/\/www.linie41-film.net\/en\/wp-json\/wp\/v2\/pages"}],"about":[{"href":"http:\/\/www.linie41-film.net\/en\/wp-json\/wp\/v2\/types\/page"}],"author":[{"embeddable":true,"href":"http:\/\/www.linie41-film.net\/en\/wp-json\/wp\/v2\/users\/1"}],"replies":[{"embeddable":true,"href":"http:\/\/www.linie41-film.net\/en\/wp-json\/wp\/v2\/comments?post=793"}],"version-history":[{"count":4,"href":"http:\/\/www.linie41-film.net\/en\/wp-json\/wp\/v2\/pages\/793\/revisions"}],"predecessor-version":[{"id":1363,"href":"http:\/\/www.linie41-film.net\/en\/wp-json\/wp\/v2\/pages\/793\/revisions\/1363"}],"wp:attachment":[{"href":"http:\/\/www.linie41-film.net\/en\/wp-json\/wp\/v2\/media?parent=793"}],"curies":[{"name":"wp","href":"https:\/\/api.w.org\/{rel}","templated":true}]}}