{"id":786,"date":"2015-05-26T20:15:27","date_gmt":"2015-05-26T18:15:27","guid":{"rendered":"http:\/\/www.linie41-film.net\/en\/?page_id=786"},"modified":"2018-02-24T14:40:26","modified_gmt":"2018-02-24T13:40:26","slug":"sponsors-and-support","status":"publish","type":"page","link":"http:\/\/www.linie41-film.net\/en\/sponsors-and-support\/","title":{"rendered":"Sponsors &#038; Support"},"content":{"rendered":"<p><strong>INSTITUTIONS THAT SUPPORTED THE PRODUCTION OF LINIE 41<\/strong><strong>:<\/strong><\/p>\n<p><a href=\"http:\/\/www.eva-verein.de\"><img loading=\"lazy\" decoding=\"async\" class=\"alignnone  wp-image-131\" src=\"http:\/\/www.linie41-film.net\/wp-content\/uploads\/2015\/05\/EVA-logo_w_de-300x79.jpg\" alt=\"EVA-logo_w_de\" width=\"277\" height=\"73\" srcset=\"http:\/\/www.linie41-film.net\/wp-content\/uploads\/2015\/05\/EVA-logo_w_de-300x79.jpg 300w, http:\/\/www.linie41-film.net\/wp-content\/uploads\/2015\/05\/EVA-logo_w_de.jpg 412w\" sizes=\"auto, (max-width: 277px) 100vw, 277px\" \/><\/a><a href=\"http:\/\/www.rb-stiftung.de\/\" target=\"_blank\"><img loading=\"lazy\" decoding=\"async\" class=\"alignnone  wp-image-130\" src=\"http:\/\/www.linie41-film.net\/wp-content\/uploads\/2015\/05\/logo_rb-stiftung-300x127.jpg\" alt=\"logo_rb-stiftung\" width=\"135\" height=\"57\" srcset=\"http:\/\/www.linie41-film.net\/wp-content\/uploads\/2015\/05\/logo_rb-stiftung-300x127.jpg 300w, http:\/\/www.linie41-film.net\/wp-content\/uploads\/2015\/05\/logo_rb-stiftung-1024x432.jpg 1024w, http:\/\/www.linie41-film.net\/wp-content\/uploads\/2015\/05\/logo_rb-stiftung.jpg 2000w\" sizes=\"auto, (max-width: 135px) 100vw, 135px\" \/><\/a><\/p>\n<p><a href=\"http:\/\/www.polen.diplo.de\/Vertretung\/polen\/de\/Startseite.html\" target=\"_blank\"><img loading=\"lazy\" decoding=\"async\" class=\"alignnone  wp-image-128\" src=\"http:\/\/www.linie41-film.net\/wp-content\/uploads\/2015\/05\/Deutsche-Botschaft-Warschau_deut_o_c-300x133.jpg\" alt=\"Deutsche Botschaft Warschau_deut_o_c\" width=\"187\" height=\"83\" srcset=\"http:\/\/www.linie41-film.net\/wp-content\/uploads\/2015\/05\/Deutsche-Botschaft-Warschau_deut_o_c-300x133.jpg 300w, http:\/\/www.linie41-film.net\/wp-content\/uploads\/2015\/05\/Deutsche-Botschaft-Warschau_deut_o_c.jpg 953w\" sizes=\"auto, (max-width: 187px) 100vw, 187px\" \/><\/a><a href=\"http:\/\/fwpn.org.pl\/en\/\"><img loading=\"lazy\" decoding=\"async\" class=\"alignnone  wp-image-129\" src=\"http:\/\/www.linie41-film.net\/wp-content\/uploads\/2015\/05\/Logo_der_SdpZ_Grau-300x151.jpg\" alt=\"Logo_der_SdpZ_Grau\" width=\"181\" height=\"91\" srcset=\"http:\/\/www.linie41-film.net\/wp-content\/uploads\/2015\/05\/Logo_der_SdpZ_Grau-300x151.jpg 300w, http:\/\/www.linie41-film.net\/wp-content\/uploads\/2015\/05\/Logo_der_SdpZ_Grau.jpg 528w\" sizes=\"auto, (max-width: 181px) 100vw, 181px\" \/><\/a><\/p>\n<p>Supported through the programme &#8220;Begegnung mit Zeitzeugen&#8221; der Stiftung &#8220;Erinnerung, Verantwortung und Zukunft&#8221; (EVZ)<\/p>\n<p><a href=\"http:\/\/www.stiftung-evz.de\/start.html\" target=\"_blank\"><img loading=\"lazy\" decoding=\"async\" class=\"alignnone  wp-image-112\" src=\"http:\/\/www.linie41-film.net\/wp-content\/uploads\/2015\/04\/EVZ_OFF_CO_D_HD_S-300x63.jpg\" alt=\"EVZ_OFF_CO_D_HD_S\" width=\"229\" height=\"48\" srcset=\"http:\/\/www.linie41-film.net\/wp-content\/uploads\/2015\/04\/EVZ_OFF_CO_D_HD_S-300x63.jpg 300w, http:\/\/www.linie41-film.net\/wp-content\/uploads\/2015\/04\/EVZ_OFF_CO_D_HD_S-1024x216.jpg 1024w\" sizes=\"auto, (max-width: 229px) 100vw, 229px\" \/><\/a><\/p>\n<p>&nbsp;<\/p>\n<p><strong>OUR SPONSORS (technical and man &amp; woman power):<\/strong><\/p>\n<p><a href=\"http:\/\/www.derachteozean.de\/POSTPODUKTIONSSERVICE\/DER_ACHTE_OZEAN.html\" target=\"_blank\"><strong><img loading=\"lazy\" decoding=\"async\" class=\"  wp-image-119 alignleft\" src=\"http:\/\/www.linie41-film.net\/wp-content\/uploads\/2015\/04\/DER8OZEAN_logo_rgb-300x176.jpg\" alt=\"DER8OZEAN_logo_rgb\" width=\"156\" height=\"92\" srcset=\"http:\/\/www.linie41-film.net\/wp-content\/uploads\/2015\/04\/DER8OZEAN_logo_rgb-300x176.jpg 300w, http:\/\/www.linie41-film.net\/wp-content\/uploads\/2015\/04\/DER8OZEAN_logo_rgb.jpg 500w\" sizes=\"auto, (max-width: 156px) 100vw, 156px\" \/><\/strong><\/a><strong><a href=\"http:\/\/www.linie41-film.net\/wp-content\/uploads\/2015\/04\/VISEO-LOGO-etikett_15x10_viseo-2.jpg\"><img loading=\"lazy\" decoding=\"async\" class=\"  wp-image-115 alignleft\" src=\"http:\/\/www.linie41-film.net\/wp-content\/uploads\/2015\/04\/VISEO-LOGO-etikett_15x10_viseo-2.jpg\" alt=\"VISEO-LOGO-etikett_15x10_viseo-2\" width=\"120\" height=\"80\" \/><\/a><\/strong><a href=\"http:\/\/www.hotmilkstudio.de\/de\/\" target=\"_blank\"><strong><img loading=\"lazy\" decoding=\"async\" class=\"  wp-image-117 alignleft\" src=\"http:\/\/www.linie41-film.net\/wp-content\/uploads\/2015\/04\/LOGO-Hot-Milk-Studio-980x250-Vimeo-300x133.jpg\" alt=\"LOGO-Hot Milk Studio 980x250 Vimeo\" width=\"210\" height=\"93\" srcset=\"http:\/\/www.linie41-film.net\/wp-content\/uploads\/2015\/04\/LOGO-Hot-Milk-Studio-980x250-Vimeo-300x133.jpg 300w, http:\/\/www.linie41-film.net\/wp-content\/uploads\/2015\/04\/LOGO-Hot-Milk-Studio-980x250-Vimeo.jpg 567w\" sizes=\"auto, (max-width: 210px) 100vw, 210px\" \/><\/strong><\/a><\/p>\n<p>&nbsp;<\/p>\n<p>&nbsp;<\/p>\n<p>&nbsp;<\/p>\n<p><strong>INSTITUTIONS THAT SUPPORTED SCREENINGS OF LINIE 41 and\/or ATTENDENCE\u00a0 of director\/protagonists at screenings<\/strong><strong>:<\/strong><\/p>\n<p>&nbsp;<\/p>\n<p style=\"text-align: center;\"><a href=\"http:\/\/www.ikg-muenchen.de\/\"><img loading=\"lazy\" decoding=\"async\" class=\" size-full wp-image-1581 aligncenter\" src=\"http:\/\/www.linie41-film.net\/wp-content\/uploads\/2015\/05\/ikg.gif\" alt=\"ikg\" width=\"124\" height=\"124\" srcset=\"http:\/\/www.linie41-film.net\/wp-content\/uploads\/2015\/05\/ikg.gif 124w, http:\/\/www.linie41-film.net\/wp-content\/uploads\/2015\/05\/ikg-120x120.gif 120w\" sizes=\"auto, (max-width: 124px) 100vw, 124px\" \/><\/a><\/p>\n<p style=\"text-align: center;\"><img loading=\"lazy\" decoding=\"async\" class=\"aligncenter size-medium wp-image-2560\" src=\"http:\/\/www.linie41-film.net\/wp-content\/uploads\/2017\/02\/ULFS-Logo-cmyk-klein-300x130.jpg\" alt=\"Druck\" width=\"300\" height=\"130\" srcset=\"http:\/\/www.linie41-film.net\/wp-content\/uploads\/2017\/02\/ULFS-Logo-cmyk-klein-300x130.jpg 300w, http:\/\/www.linie41-film.net\/wp-content\/uploads\/2017\/02\/ULFS-Logo-cmyk-klein.jpg 908w\" sizes=\"auto, (max-width: 300px) 100vw, 300px\" \/><\/p>\n<p style=\"text-align: center;\">\n<p style=\"text-align: center;\"><a href=\"http:\/\/www.stiftung-evz.de\/start.html\" target=\"_blank\"><img loading=\"lazy\" decoding=\"async\" class=\"alignnone  wp-image-112\" src=\"http:\/\/www.linie41-film.net\/wp-content\/uploads\/2015\/04\/EVZ_OFF_CO_D_HD_S-300x63.jpg\" alt=\"EVZ_OFF_CO_D_HD_S\" width=\"229\" height=\"48\" srcset=\"http:\/\/www.linie41-film.net\/wp-content\/uploads\/2015\/04\/EVZ_OFF_CO_D_HD_S-300x63.jpg 300w, http:\/\/www.linie41-film.net\/wp-content\/uploads\/2015\/04\/EVZ_OFF_CO_D_HD_S-1024x216.jpg 1024w\" sizes=\"auto, (max-width: 229px) 100vw, 229px\" \/><\/a><\/p>\n<p>&nbsp;<\/p>\n<p>&nbsp;<\/p>\n<p>&nbsp;<\/p>\n<p><a href=\"http:\/\/www.politische-bildung-brandenburg.de\/\"><img loading=\"lazy\" decoding=\"async\" class=\"  wp-image-1465 aligncenter\" src=\"http:\/\/www.linie41-film.net\/wp-content\/uploads\/2016\/05\/logo_rot_schriftzug.jpg\" alt=\"logo_rot_schriftzug\" width=\"272\" height=\"91\" srcset=\"http:\/\/www.linie41-film.net\/wp-content\/uploads\/2016\/05\/logo_rot_schriftzug.jpg 1009w, http:\/\/www.linie41-film.net\/wp-content\/uploads\/2016\/05\/logo_rot_schriftzug-300x100.jpg 300w, http:\/\/www.linie41-film.net\/wp-content\/uploads\/2016\/05\/logo_rot_schriftzug-1000x337.jpg 1000w\" sizes=\"auto, (max-width: 272px) 100vw, 272px\" \/><\/a><\/p>\n<p>&nbsp;<\/p>\n<p>&nbsp;<\/p>\n<p><a href=\"http:\/\/www.rb-stiftung.de\/\" target=\"_blank\"><img loading=\"lazy\" decoding=\"async\" class=\"  wp-image-130 aligncenter\" src=\"http:\/\/www.linie41-film.net\/wp-content\/uploads\/2015\/05\/logo_rb-stiftung-300x127.jpg\" alt=\"logo_rb-stiftung\" width=\"215\" height=\"91\" srcset=\"http:\/\/www.linie41-film.net\/wp-content\/uploads\/2015\/05\/logo_rb-stiftung-300x127.jpg 300w, http:\/\/www.linie41-film.net\/wp-content\/uploads\/2015\/05\/logo_rb-stiftung-1024x432.jpg 1024w, http:\/\/www.linie41-film.net\/wp-content\/uploads\/2015\/05\/logo_rb-stiftung.jpg 2000w\" sizes=\"auto, (max-width: 215px) 100vw, 215px\" \/><\/a><\/p>\n<p><a href=\"http:\/\/www.fu-berlin.de\/\"><img loading=\"lazy\" decoding=\"async\" class=\"  wp-image-1758 aligncenter\" src=\"http:\/\/www.linie41-film.net\/wp-content\/uploads\/2016\/08\/fu-berlin.png\" alt=\"fu-berlin\" width=\"241\" height=\"64\" \/><\/a><\/p>\n<p>&nbsp;<\/p>\n<p><a href=\"http:\/\/www.mwg-emden.de\/?Info:English_Summary\"><img loading=\"lazy\" decoding=\"async\" class=\"  wp-image-1588 aligncenter\" src=\"http:\/\/www.linie41-film.net\/wp-content\/uploads\/2015\/05\/max-windm\u00fcller-gesellschaft.jpg\" alt=\"max windm\u00fcller gesellschaft\" width=\"168\" height=\"169\" srcset=\"http:\/\/www.linie41-film.net\/wp-content\/uploads\/2015\/05\/max-windm\u00fcller-gesellschaft.jpg 236w, http:\/\/www.linie41-film.net\/wp-content\/uploads\/2015\/05\/max-windm\u00fcller-gesellschaft-150x150.jpg 150w, http:\/\/www.linie41-film.net\/wp-content\/uploads\/2015\/05\/max-windm\u00fcller-gesellschaft-120x120.jpg 120w\" sizes=\"auto, (max-width: 168px) 100vw, 168px\" \/><\/a><\/p>\n<p style=\"text-align: center;\"><strong>\u00a0 Max Windm\u00fcller Society, Emden, Germany<\/strong><\/p>\n<p style=\"text-align: center;\">***<\/p>\n<p style=\"text-align: center;\"><strong>\u00a0\u00a0\u00a0\u00a0 Wilhelm-Fraenger-Gesellschaft e. V., Germany<\/strong><\/p>\n<p style=\"text-align: center;\">***<\/p>\n<p>&nbsp;<\/p>\n<p><a href=\"http:\/\/www.german-films.de\/\"><img loading=\"lazy\" decoding=\"async\" class=\"  wp-image-1771 aligncenter\" src=\"http:\/\/www.linie41-film.net\/wp-content\/uploads\/2015\/05\/germanfilms.png\" alt=\"germanfilms\" width=\"181\" height=\"56\" \/><\/a><\/p>\n<p>&nbsp;<\/p>\n<p><strong><a href=\"http:\/\/www.jfbb.de\/en\"><img loading=\"lazy\" decoding=\"async\" class=\"  wp-image-1472 aligncenter\" src=\"http:\/\/www.linie41-film.net\/wp-content\/uploads\/2016\/05\/logojfbb_80.png\" alt=\"logojfbb_80\" width=\"222\" height=\"59\" \/><\/a><\/strong><\/p>\n<p>&nbsp;<\/p>\n<p>&nbsp;<\/p>\n<p style=\"text-align: center;\"><a href=\"http:\/\/www.schillstrasse.de\/start.php\"><img loading=\"lazy\" decoding=\"async\" class=\"  wp-image-1511 aligncenter\" src=\"http:\/\/www.linie41-film.net\/wp-content\/uploads\/2015\/05\/gedenkst\u00e4tte-schillstra\u00dfe.gif\" alt=\"gedenkst\u00e4tte schillstra\u00dfe\" width=\"134\" height=\"78\" \/><\/a>\u00a0 Memorial Site Schillstrasse Braunschweig, Germany<\/p>\n<p>&nbsp;<\/p>\n<p><a href=\"http:\/\/www.kz-gedenkstaette-neuengamme.de\/\"><img loading=\"lazy\" decoding=\"async\" class=\"  wp-image-1848 aligncenter\" src=\"http:\/\/www.linie41-film.net\/wp-content\/uploads\/2015\/05\/LOGO_ROTROT-300x176.gif\" alt=\"LOGO_ROTROT\" width=\"206\" height=\"121\" srcset=\"http:\/\/www.linie41-film.net\/wp-content\/uploads\/2015\/05\/LOGO_ROTROT-300x176.gif 300w, http:\/\/www.linie41-film.net\/wp-content\/uploads\/2015\/05\/LOGO_ROTROT-1024x599.gif 1024w\" sizes=\"auto, (max-width: 206px) 100vw, 206px\" \/><\/a><\/p>\n<p>&nbsp;<\/p>\n<p><a href=\"http:\/\/www.politische-bildung-brandenburg.de\/\"><img loading=\"lazy\" decoding=\"async\" class=\"  wp-image-1464 aligncenter\" src=\"http:\/\/www.linie41-film.net\/wp-content\/uploads\/2016\/05\/logo_rot_schriftzug.jpg\" alt=\"logo_rot_schriftzug\" width=\"260\" height=\"87\" srcset=\"http:\/\/www.linie41-film.net\/wp-content\/uploads\/2016\/05\/logo_rot_schriftzug.jpg 1009w, http:\/\/www.linie41-film.net\/wp-content\/uploads\/2016\/05\/logo_rot_schriftzug-300x100.jpg 300w, http:\/\/www.linie41-film.net\/wp-content\/uploads\/2016\/05\/logo_rot_schriftzug-1000x337.jpg 1000w\" sizes=\"auto, (max-width: 260px) 100vw, 260px\" \/><\/a><\/p>\n<p>&nbsp;<\/p>\n<p style=\"text-align: center;\">Gedenkst\u00e4tte KZ-Au\u00dfenlager Braunschweig Schillstra\u00dfe <a href=\"http:\/\/www.schillstrasse.de\/\"><img loading=\"lazy\" decoding=\"async\" class=\"  wp-image-1510 aligncenter\" src=\"http:\/\/www.linie41-film.net\/wp-content\/uploads\/2015\/05\/gedenkst\u00e4tte-schillstra\u00dfe.gif\" alt=\"gedenkst\u00e4tte schillstra\u00dfe\" width=\"97\" height=\"56\" \/><\/a><\/p>\n<p>&nbsp;<\/p>\n<p><a href=\"http:\/\/www.mmz-potsdam.de\"><img loading=\"lazy\" decoding=\"async\" class=\"  wp-image-1502 aligncenter\" src=\"http:\/\/www.linie41-film.net\/wp-content\/uploads\/2015\/05\/LOGO-Moses-Mendelssohn-Zentrum.jpg\" alt=\"LOGO-Moses-Mendelssohn Zentrum\" width=\"177\" height=\"100\" srcset=\"http:\/\/www.linie41-film.net\/wp-content\/uploads\/2015\/05\/LOGO-Moses-Mendelssohn-Zentrum.jpg 796w, http:\/\/www.linie41-film.net\/wp-content\/uploads\/2015\/05\/LOGO-Moses-Mendelssohn-Zentrum-300x170.jpg 300w, http:\/\/www.linie41-film.net\/wp-content\/uploads\/2015\/05\/LOGO-Moses-Mendelssohn-Zentrum-413x232.jpg 413w\" sizes=\"auto, (max-width: 177px) 100vw, 177px\" \/><\/a><\/p>\n<p><a href=\"http:\/\/www.viennapan.org\/\"><img loading=\"lazy\" decoding=\"async\" class=\"  wp-image-1811 aligncenter\" src=\"http:\/\/www.linie41-film.net\/wp-content\/uploads\/2015\/05\/logo_de.gif\" alt=\"logo_de\" width=\"148\" height=\"257\" \/><\/a><\/p>\n<p>&nbsp;<\/p>\n<p>&nbsp;<\/p>\n<p>&nbsp;<\/p>\n<p>&nbsp;<\/p>\n<p><strong><a href=\"http:\/\/bjff.ro\/\"><img loading=\"lazy\" decoding=\"async\" class=\" size-full wp-image-1077 aligncenter\" src=\"http:\/\/www.linie41-film.net\/wp-content\/uploads\/2015\/09\/bjff1.jpg\" alt=\"bjff\" width=\"126\" height=\"158\" \/><\/a><\/strong><\/p>\n<p><strong><a href=\"http:\/\/www.hotel-transit.de\"><img loading=\"lazy\" decoding=\"async\" class=\"  wp-image-1781 aligncenter\" src=\"http:\/\/www.linie41-film.net\/wp-content\/uploads\/2015\/05\/hotel_transit.gif\" alt=\"hotel_transit\" width=\"157\" height=\"69\" \/><\/a><\/strong><\/p>\n","protected":false},"excerpt":{"rendered":"<p>INSTITUTIONS THAT SUPPORTED THE PRODUCTION OF LINIE 41: Supported through the programme &#8220;Begegnung mit Zeitzeugen&#8221; der Stiftung &#8220;Erinnerung, Verantwortung und Zukunft&#8221; (EVZ) &nbsp; OUR SPONSORS (technical and man &amp; woman power): &nbsp; &nbsp; &nbsp; INSTITUTIONS THAT SUPPORTED SCREENINGS OF LINIE 41 and\/or ATTENDENCE\u00a0 of director\/protagonists at screenings: &nbsp; &nbsp; &nbsp; &nbsp; &nbsp; &nbsp; &nbsp; \u00a0 <\/p>\n","protected":false},"author":1,"featured_media":0,"parent":0,"menu_order":0,"comment_status":"closed","ping_status":"closed","template":"","meta":{"footnotes":""},"class_list":["post-786","page","type-page","status-publish","hentry"],"_links":{"self":[{"href":"http:\/\/www.linie41-film.net\/en\/wp-json\/wp\/v2\/pages\/786","targetHints":{"allow":["GET"]}}],"collection":[{"href":"http:\/\/www.linie41-film.net\/en\/wp-json\/wp\/v2\/pages"}],"about":[{"href":"http:\/\/www.linie41-film.net\/en\/wp-json\/wp\/v2\/types\/page"}],"author":[{"embeddable":true,"href":"http:\/\/www.linie41-film.net\/en\/wp-json\/wp\/v2\/users\/1"}],"replies":[{"embeddable":true,"href":"http:\/\/www.linie41-film.net\/en\/wp-json\/wp\/v2\/comments?post=786"}],"version-history":[{"count":20,"href":"http:\/\/www.linie41-film.net\/en\/wp-json\/wp\/v2\/pages\/786\/revisions"}],"predecessor-version":[{"id":4357,"href":"http:\/\/www.linie41-film.net\/en\/wp-json\/wp\/v2\/pages\/786\/revisions\/4357"}],"wp:attachment":[{"href":"http:\/\/www.linie41-film.net\/en\/wp-json\/wp\/v2\/media?parent=786"}],"curies":[{"name":"wp","href":"https:\/\/api.w.org\/{rel}","templated":true}]}}