{"id":780,"date":"2015-05-26T22:02:20","date_gmt":"2015-05-26T20:02:20","guid":{"rendered":"http:\/\/www.linie41-film.net\/en\/?page_id=780"},"modified":"2024-08-26T10:05:34","modified_gmt":"2024-08-26T08:05:34","slug":"contact","status":"publish","type":"page","link":"http:\/\/www.linie41-film.net\/en\/contact\/","title":{"rendered":"Contact"},"content":{"rendered":"<p><b>Europ\u00e4ischer Verein f\u00fcr Ost|West-Ann\u00e4herung<\/b><br \/>\n<b>EVA e. V.<\/b><\/p>\n<p>Wartenburgstr. 3, 10963 Berlin, Germany<br \/>\nemail: <strong> linie41 [AT] eva-verein.de<\/strong><\/p>\n<p>email: cummings<strong> [AT] eva-verein.de<\/strong><\/p>\n<p><a class=\"navi\" href=\"http:\/\/eva-verein.de\/\"> www.eva-verein.de<\/a><\/p>\n<p><strong>&#8220;Line 41&#8221;<\/strong> is available via <strong>VOD service (VIMEO)<\/strong> with English subtitles (https:\/\/vimeo.com\/ondemand\/line41)<\/p>\n<p><iframe loading=\"lazy\" src=\"https:\/\/player.vimeo.com\/video\/309739537?dnt=1&#038;app_id=122963\" width=\"1000\" height=\"563\" frameborder=\"0\" title=\"Line 41\" allow=\"autoplay; fullscreen\" allowfullscreen><\/iframe><\/p>\n<p><span style=\"color: #993300;\"><strong>EUROPE<\/strong> <\/span>&gt; For DVDs, screenings or other information &gt; please contact us via email to<strong> linie41 [AT] eva-verein.de<\/strong><\/p>\n<p><span style=\"color: #993300;\"><strong>USA and\u00a0 CANADA<\/strong><\/span> &gt; For SCREENINGS, DVDs, VOD in the USA and Canada, please contact our Northamerican distributor FILM MOVEMENT!<\/p>\n<p style=\"text-align: center;\"><a href=\"https:\/\/www.filmmovement.com\/product\/line-41\">https:\/\/www.filmmovement.com\/product\/line-41<\/a><\/p>\n<p style=\"text-align: center;\">\n","protected":false},"excerpt":{"rendered":"<p>Europ\u00e4ischer Verein f\u00fcr Ost|West-Ann\u00e4herung EVA e. V. Wartenburgstr. 3, 10963 Berlin, Germany email: linie41 [AT] eva-verein.de email: cummings [AT] eva-verein.de www.eva-verein.de &#8220;Line 41&#8221; is available via VOD service (VIMEO) with English subtitles (https:\/\/vimeo.com\/ondemand\/line41) EUROPE &gt; For DVDs, screenings or other information &gt; please contact us via email to linie41 [AT] eva-verein.de USA and\u00a0 CANADA &gt; <\/p>\n","protected":false},"author":1,"featured_media":0,"parent":0,"menu_order":0,"comment_status":"closed","ping_status":"closed","template":"","meta":{"footnotes":""},"class_list":["post-780","page","type-page","status-publish","hentry"],"_links":{"self":[{"href":"http:\/\/www.linie41-film.net\/en\/wp-json\/wp\/v2\/pages\/780","targetHints":{"allow":["GET"]}}],"collection":[{"href":"http:\/\/www.linie41-film.net\/en\/wp-json\/wp\/v2\/pages"}],"about":[{"href":"http:\/\/www.linie41-film.net\/en\/wp-json\/wp\/v2\/types\/page"}],"author":[{"embeddable":true,"href":"http:\/\/www.linie41-film.net\/en\/wp-json\/wp\/v2\/users\/1"}],"replies":[{"embeddable":true,"href":"http:\/\/www.linie41-film.net\/en\/wp-json\/wp\/v2\/comments?post=780"}],"version-history":[{"count":25,"href":"http:\/\/www.linie41-film.net\/en\/wp-json\/wp\/v2\/pages\/780\/revisions"}],"predecessor-version":[{"id":5769,"href":"http:\/\/www.linie41-film.net\/en\/wp-json\/wp\/v2\/pages\/780\/revisions\/5769"}],"wp:attachment":[{"href":"http:\/\/www.linie41-film.net\/en\/wp-json\/wp\/v2\/media?parent=780"}],"curies":[{"name":"wp","href":"https:\/\/api.w.org\/{rel}","templated":true}]}}