{"id":759,"date":"2015-05-24T21:25:57","date_gmt":"2015-05-24T19:25:57","guid":{"rendered":"http:\/\/www.linie41-film.net\/en\/?page_id=759"},"modified":"2018-03-03T17:53:35","modified_gmt":"2018-03-03T16:53:35","slug":"team-2","status":"publish","type":"page","link":"http:\/\/www.linie41-film.net\/en\/team-2\/","title":{"rendered":"Team"},"content":{"rendered":"<p><a href=\"http:\/\/www.linie41-film.net\/wp-content\/uploads\/2015\/04\/68a.jpg\"><img loading=\"lazy\" decoding=\"async\" class=\" wp-image-405  alignright\" src=\"http:\/\/www.linie41-film.net\/wp-content\/uploads\/2015\/04\/68a.jpg\" alt=\"68a\" width=\"449\" height=\"428\" srcset=\"http:\/\/www.linie41-film.net\/wp-content\/uploads\/2015\/04\/68a.jpg 868w, http:\/\/www.linie41-film.net\/wp-content\/uploads\/2015\/04\/68a-300x286.jpg 300w\" sizes=\"auto, (max-width: 449px) 100vw, 449px\" \/><\/a><strong>Tanja Cummings <\/strong>&#8211; Master Degree in Philosophy at Free University in Berlin, storyboard artist (feature films\/commercials), producer of documentary films, director\/producer of several short documentaries and documentation projects with contemporary witnesses; head project manager at the European Association of East-West-Rapprochement (EVA).\u00a0 \u201eLINIE 41\u201c is Tanja Cummings&#8217; first feature length documentary film<\/p>\n<p>&nbsp;<\/p>\n<p><a href=\"http:\/\/www.linie41-film.net\/wp-content\/uploads\/2015\/04\/MAR1319.jpeg\"><img loading=\"lazy\" decoding=\"async\" class=\" wp-image-401  alignleft\" src=\"http:\/\/www.linie41-film.net\/wp-content\/uploads\/2015\/04\/MAR1319.jpeg\" alt=\"_MAR1319\" width=\"560\" height=\"372\" srcset=\"http:\/\/www.linie41-film.net\/wp-content\/uploads\/2015\/04\/MAR1319.jpeg 640w, http:\/\/www.linie41-film.net\/wp-content\/uploads\/2015\/04\/MAR1319-300x200.jpeg 300w\" sizes=\"auto, (max-width: 560px) 100vw, 560px\" \/><\/a><\/p>\n<p><strong> Marek Iwicki<\/strong> &#8211; has worked as camera man and editor for clients\/TV stations such as the German ZDF, WDR, Spiegel TV since 2004.<\/p>\n<p>&nbsp;<\/p>\n<p>&nbsp;<\/p>\n<p>&nbsp;<\/p>\n<p>&nbsp;<\/p>\n<p>&nbsp;<\/p>\n<p>&nbsp;<\/p>\n<div class=\"entry-content\">\n<p>Director and producer: <strong>Tanja Cummings<\/strong><\/p>\n<p>Camera and Editing:<strong> Marek Iwicki<\/strong><\/p>\n<p>Sound Editor\/Mixing: <strong>Jochen Jezussek (<a href=\"http:\/\/www.poleposition-dc.de\">www.poleposition-dc.de<\/a>)<br \/>\n<\/strong><\/p>\n<p>Colour Correction: <strong>Wolfgang Gaube<\/strong><\/p>\n<p>Music and Sounddesign: <strong>Robert <\/strong><strong>Cummings<\/strong><\/p>\n<p>Second camera: <strong>Jakob Wei\u00df, Patrick Lindhof<\/strong><\/p>\n<p>Title Design: <strong>Martin Hirsch<br \/>\n<\/strong><\/p>\n<p>Animation: <strong>Martin Hirsch, Roman Blauth<\/strong><\/p>\n<p>Digital Intermediate: <strong>Roman Blauth<\/strong><\/p>\n<p>Drawings: <strong>Tanja Cummings<\/strong><\/p>\n<p>Musician\/piano: <strong>Philipp von Rothkirch<\/strong><\/p>\n<p>Historical Consulting\/Research Help: <strong>Ewa Wiatr (Universitity of Lodz), Prof. Dr. Krystyna Radziszewska ((Universitity of Lodz), Iza Terela (Muzeum Tradycji Niepodleg\u0142o\u015bciowych w \u0141odzi), Dr. Andrea L\u00f6w (Institut f\u00fcr Zeitgeschichte, Munich)<\/strong><\/p>\n<p>Production Assistents: <strong>Magdalena Stefanska, Tamara Jaworowska, Juliana Olesiewicz, Roman Blauth, Patrycja Wasilewska<\/strong><\/p>\n<p>Translations:\u00a0<strong>Magdalena Stefanska, Tamara Jaworowska, Juliana Olesiewicz, Patrycja Wasilewska, Tanja Cummings, Robert Cummings<br \/>\n<\/strong><\/p>\n<p>Transcriptions:<strong>\u00a0Anna Cummings,\u00a0 Magdalena Stefanska, Tanja Cummings, Tamara Jaworowska, Juliana Olesiewicz<br \/>\n<\/strong><\/p>\n<p>Legal Consulting:<strong> Sophie Mahlo<\/strong><\/p>\n<p>Subtitling: <strong>Anna Cummings, Tanja Cummings<\/strong><\/p>\n<p>Co-Production: <strong>Christian Frosch (Weltfilm GmbH)<\/strong><\/p>\n<\/div>\n","protected":false},"excerpt":{"rendered":"<p>Tanja Cummings &#8211; Master Degree in Philosophy at Free University in Berlin, storyboard artist (feature films\/commercials), producer of documentary films, director\/producer of several short documentaries and documentation projects with contemporary witnesses; head project manager at the European Association of East-West-Rapprochement (EVA).\u00a0 \u201eLINIE 41\u201c is Tanja Cummings&#8217; first feature length documentary film &nbsp; Marek Iwicki &#8211; <\/p>\n","protected":false},"author":1,"featured_media":0,"parent":0,"menu_order":0,"comment_status":"closed","ping_status":"closed","template":"","meta":{"footnotes":""},"class_list":["post-759","page","type-page","status-publish","hentry"],"_links":{"self":[{"href":"http:\/\/www.linie41-film.net\/en\/wp-json\/wp\/v2\/pages\/759","targetHints":{"allow":["GET"]}}],"collection":[{"href":"http:\/\/www.linie41-film.net\/en\/wp-json\/wp\/v2\/pages"}],"about":[{"href":"http:\/\/www.linie41-film.net\/en\/wp-json\/wp\/v2\/types\/page"}],"author":[{"embeddable":true,"href":"http:\/\/www.linie41-film.net\/en\/wp-json\/wp\/v2\/users\/1"}],"replies":[{"embeddable":true,"href":"http:\/\/www.linie41-film.net\/en\/wp-json\/wp\/v2\/comments?post=759"}],"version-history":[{"count":11,"href":"http:\/\/www.linie41-film.net\/en\/wp-json\/wp\/v2\/pages\/759\/revisions"}],"predecessor-version":[{"id":4373,"href":"http:\/\/www.linie41-film.net\/en\/wp-json\/wp\/v2\/pages\/759\/revisions\/4373"}],"wp:attachment":[{"href":"http:\/\/www.linie41-film.net\/en\/wp-json\/wp\/v2\/media?parent=759"}],"curies":[{"name":"wp","href":"https:\/\/api.w.org\/{rel}","templated":true}]}}