{"id":3542,"date":"2017-04-18T11:38:48","date_gmt":"2017-04-18T09:38:48","guid":{"rendered":"http:\/\/www.linie41-film.net\/en\/izbica-kujawska\/"},"modified":"2017-12-05T18:14:24","modified_gmt":"2017-12-05T17:14:24","slug":"izbica-kujawska","status":"publish","type":"page","link":"http:\/\/www.linie41-film.net\/en\/izbica-kujawska\/","title":{"rendered":"Fotos aus Izbica Kujawska &#8211; April 2017"},"content":{"rendered":"<h2 style=\"text-align: center;\">\u00a0 11. April 2017<\/h2>\n<h2 style=\"text-align: center;\">Izbica Kujawska &#8211; 11. April 2017<\/h2>\n<p><img loading=\"lazy\" decoding=\"async\" class=\"aligncenter size-large wp-image-3061\" src=\"http:\/\/www.linie41-film.net\/wp-content\/uploads\/2017\/04\/17968303_1961149537448560_913215154_o-1024x683.jpg\" alt=\"17968303_1961149537448560_913215154_o\" width=\"1000\" height=\"667\" srcset=\"http:\/\/www.linie41-film.net\/wp-content\/uploads\/2017\/04\/17968303_1961149537448560_913215154_o-1024x683.jpg 1024w, http:\/\/www.linie41-film.net\/wp-content\/uploads\/2017\/04\/17968303_1961149537448560_913215154_o-300x200.jpg 300w, http:\/\/www.linie41-film.net\/wp-content\/uploads\/2017\/04\/17968303_1961149537448560_913215154_o.jpg 2048w\" sizes=\"auto, (max-width: 1000px) 100vw, 1000px\" \/><\/p>\n<h4 style=\"text-align: center;\"><strong>\u00a0Izbica Kujawska. Warum wir in diesen Ort gefahren sind? Dazu bald mehr. <\/strong>Foto von Frank R\u00fchlow<\/h4>\n<p style=\"text-align: center;\"><strong>\u00a0<\/strong><\/p>\n<h5 style=\"text-align: left;\"><img loading=\"lazy\" decoding=\"async\" class=\"aligncenter size-large wp-image-2657\" src=\"http:\/\/www.linie41-film.net\/wp-content\/uploads\/2017\/04\/17968018_1959795570917290_460887768_o-1024x680.jpg\" alt=\"17968018_1959795570917290_460887768_o\" width=\"1000\" height=\"664\" srcset=\"http:\/\/www.linie41-film.net\/wp-content\/uploads\/2017\/04\/17968018_1959795570917290_460887768_o-1024x680.jpg 1024w, http:\/\/www.linie41-film.net\/wp-content\/uploads\/2017\/04\/17968018_1959795570917290_460887768_o-300x199.jpg 300w, http:\/\/www.linie41-film.net\/wp-content\/uploads\/2017\/04\/17968018_1959795570917290_460887768_o.jpg 2048w\" sizes=\"auto, (max-width: 1000px) 100vw, 1000px\" \/><\/h5>\n<h4 style=\"text-align: center;\">Izbica Kujawska:\u00a0 St\u00e4tte des J\u00fcdischen Friedhofs des Ortes. Alle Grabsteine sind verschwunden. Der Friedhof wurde durch die deutschen Besatzer zerst\u00f6rt, die Grabsteine f\u00fcr den Stra\u00dfen- und H\u00e4userbau verwendet. Dies wird demn\u00e4chst weiter recherchiert. Foto von Frank R\u00fchlow<\/h4>\n<p><img loading=\"lazy\" decoding=\"async\" class=\"aligncenter size-large wp-image-2661\" src=\"http:\/\/www.linie41-film.net\/wp-content\/uploads\/2017\/04\/17975959_10155160691762008_1300416950_o-1024x683.jpg\" alt=\"17975959_10155160691762008_1300416950_o\" width=\"1000\" height=\"667\" srcset=\"http:\/\/www.linie41-film.net\/wp-content\/uploads\/2017\/04\/17975959_10155160691762008_1300416950_o-1024x683.jpg 1024w, http:\/\/www.linie41-film.net\/wp-content\/uploads\/2017\/04\/17975959_10155160691762008_1300416950_o-300x200.jpg 300w, http:\/\/www.linie41-film.net\/wp-content\/uploads\/2017\/04\/17975959_10155160691762008_1300416950_o.jpg 2048w\" sizes=\"auto, (max-width: 1000px) 100vw, 1000px\" \/><\/p>\n<h4 style=\"text-align: center;\">Gedenkstein (ohne Schrift) am Ort des J\u00fcdischen Friedhofs von Izbica Kujawska. Foto von Frank R\u00fchlow<\/h4>\n<p><img loading=\"lazy\" decoding=\"async\" class=\"aligncenter size-large wp-image-2675\" src=\"http:\/\/www.linie41-film.net\/wp-content\/uploads\/2017\/04\/IMG_4526-1024x520.jpg\" alt=\"IMG_4526\" width=\"1000\" height=\"508\" srcset=\"http:\/\/www.linie41-film.net\/wp-content\/uploads\/2017\/04\/IMG_4526-1024x520.jpg 1024w, http:\/\/www.linie41-film.net\/wp-content\/uploads\/2017\/04\/IMG_4526-300x152.jpg 300w\" sizes=\"auto, (max-width: 1000px) 100vw, 1000px\" \/><\/p>\n<h4 style=\"text-align: center;\">Izbica Kujawska:\u00a0 Natan Grossmann und Kinder beim Fu\u00dfballspiel.<\/h4>\n<p><img loading=\"lazy\" decoding=\"async\" class=\"aligncenter size-large wp-image-2677\" src=\"http:\/\/www.linie41-film.net\/wp-content\/uploads\/2017\/04\/IMG_4524-1024x597.jpg\" alt=\"IMG_4524\" width=\"1000\" height=\"583\" srcset=\"http:\/\/www.linie41-film.net\/wp-content\/uploads\/2017\/04\/IMG_4524-1024x597.jpg 1024w, http:\/\/www.linie41-film.net\/wp-content\/uploads\/2017\/04\/IMG_4524-300x175.jpg 300w, http:\/\/www.linie41-film.net\/wp-content\/uploads\/2017\/04\/IMG_4524.jpg 1420w\" sizes=\"auto, (max-width: 1000px) 100vw, 1000px\" \/><\/p>\n<p><img loading=\"lazy\" decoding=\"async\" class=\"aligncenter size-large wp-image-3091\" src=\"http:\/\/www.linie41-film.net\/wp-content\/uploads\/2017\/04\/18012873_1961146277448886_2052904709_o-1024x683.jpg\" alt=\"18012873_1961146277448886_2052904709_o\" width=\"1000\" height=\"667\" srcset=\"http:\/\/www.linie41-film.net\/wp-content\/uploads\/2017\/04\/18012873_1961146277448886_2052904709_o-1024x683.jpg 1024w, http:\/\/www.linie41-film.net\/wp-content\/uploads\/2017\/04\/18012873_1961146277448886_2052904709_o-300x200.jpg 300w, http:\/\/www.linie41-film.net\/wp-content\/uploads\/2017\/04\/18012873_1961146277448886_2052904709_o.jpg 2048w\" sizes=\"auto, (max-width: 1000px) 100vw, 1000px\" \/><\/p>\n<h4 style=\"text-align: center;\">Foto von Frank R\u00fchlow<\/h4>\n<p><img loading=\"lazy\" decoding=\"async\" class=\"aligncenter size-large wp-image-3063\" src=\"http:\/\/www.linie41-film.net\/wp-content\/uploads\/2017\/04\/18013083_1961145047449009_1962068256_o-1024x683.jpg\" alt=\"18013083_1961145047449009_1962068256_o\" width=\"1000\" height=\"667\" srcset=\"http:\/\/www.linie41-film.net\/wp-content\/uploads\/2017\/04\/18013083_1961145047449009_1962068256_o-1024x683.jpg 1024w, http:\/\/www.linie41-film.net\/wp-content\/uploads\/2017\/04\/18013083_1961145047449009_1962068256_o-300x200.jpg 300w, http:\/\/www.linie41-film.net\/wp-content\/uploads\/2017\/04\/18013083_1961145047449009_1962068256_o.jpg 2048w\" sizes=\"auto, (max-width: 1000px) 100vw, 1000px\" \/><\/p>\n<h4 style=\"text-align: center;\">Izbica Kujawska:\u00a0 Vorf\u00fchrung von &#8220;Linie 41&#8221; im Dom Kultury. Foto von Frank R\u00fchlow.<\/h4>\n<p>&nbsp;<\/p>\n<p><img loading=\"lazy\" decoding=\"async\" class=\"aligncenter size-large wp-image-3067\" src=\"http:\/\/www.linie41-film.net\/wp-content\/uploads\/2017\/04\/18015885_1961145447448969_738897972_o-1024x683.jpg\" alt=\"18015885_1961145447448969_738897972_o\" width=\"1000\" height=\"667\" srcset=\"http:\/\/www.linie41-film.net\/wp-content\/uploads\/2017\/04\/18015885_1961145447448969_738897972_o-1024x683.jpg 1024w, http:\/\/www.linie41-film.net\/wp-content\/uploads\/2017\/04\/18015885_1961145447448969_738897972_o-300x200.jpg 300w, http:\/\/www.linie41-film.net\/wp-content\/uploads\/2017\/04\/18015885_1961145447448969_738897972_o.jpg 2048w\" sizes=\"auto, (max-width: 1000px) 100vw, 1000px\" \/><\/p>\n<p style=\"text-align: center;\"><strong>\u00a0Izbica Kujawska:\u00a0 Vorf\u00fchrung von &#8220;Linie 41&#8221; im Dom Kultury. Foto von Frank R\u00fchlow.<\/strong><\/p>\n<p style=\"text-align: center;\"><img loading=\"lazy\" decoding=\"async\" class=\"aligncenter size-large wp-image-3071\" src=\"http:\/\/www.linie41-film.net\/wp-content\/uploads\/2017\/04\/18012929_1961146074115573_1768366134_o-1024x683.jpg\" alt=\"18012929_1961146074115573_1768366134_o\" width=\"1000\" height=\"667\" srcset=\"http:\/\/www.linie41-film.net\/wp-content\/uploads\/2017\/04\/18012929_1961146074115573_1768366134_o-1024x683.jpg 1024w, http:\/\/www.linie41-film.net\/wp-content\/uploads\/2017\/04\/18012929_1961146074115573_1768366134_o-300x200.jpg 300w, http:\/\/www.linie41-film.net\/wp-content\/uploads\/2017\/04\/18012929_1961146074115573_1768366134_o.jpg 2048w\" sizes=\"auto, (max-width: 1000px) 100vw, 1000px\" \/><\/p>\n<h4 style=\"text-align: center;\">Foto von Frank R\u00fchlow<\/h4>\n<p style=\"text-align: center;\"><strong>\u00a0<\/strong><\/p>\n<p style=\"text-align: center;\"><img loading=\"lazy\" decoding=\"async\" class=\"aligncenter size-large wp-image-3075\" src=\"http:\/\/www.linie41-film.net\/wp-content\/uploads\/2017\/04\/18042959_1961147134115467_1764598923_o-1024x683.jpg\" alt=\"18042959_1961147134115467_1764598923_o\" width=\"1000\" height=\"667\" srcset=\"http:\/\/www.linie41-film.net\/wp-content\/uploads\/2017\/04\/18042959_1961147134115467_1764598923_o-1024x683.jpg 1024w, http:\/\/www.linie41-film.net\/wp-content\/uploads\/2017\/04\/18042959_1961147134115467_1764598923_o-300x200.jpg 300w, http:\/\/www.linie41-film.net\/wp-content\/uploads\/2017\/04\/18042959_1961147134115467_1764598923_o.jpg 2048w\" sizes=\"auto, (max-width: 1000px) 100vw, 1000px\" \/><\/p>\n<p style=\"text-align: center;\"><strong>Izbica Kujawska &#8211; Am n\u00e4chsten Tag im Unterricht unserer Schulklasse (Gimnazjum im. gen. Augustyna S\u0142ubickiego w Izbicy Kujawskiej). <\/strong>Foto von Frank R\u00fchlow<\/p>\n<p style=\"text-align: center;\"><strong>\u00a0<\/strong><\/p>\n<p style=\"text-align: center;\"><img loading=\"lazy\" decoding=\"async\" class=\"aligncenter size-large wp-image-3079\" src=\"http:\/\/www.linie41-film.net\/wp-content\/uploads\/2017\/04\/17968133_1961147157448798_1889302080_o-1024x683.jpg\" alt=\"17968133_1961147157448798_1889302080_o\" width=\"1000\" height=\"667\" srcset=\"http:\/\/www.linie41-film.net\/wp-content\/uploads\/2017\/04\/17968133_1961147157448798_1889302080_o-1024x683.jpg 1024w, http:\/\/www.linie41-film.net\/wp-content\/uploads\/2017\/04\/17968133_1961147157448798_1889302080_o-300x200.jpg 300w, http:\/\/www.linie41-film.net\/wp-content\/uploads\/2017\/04\/17968133_1961147157448798_1889302080_o.jpg 2048w\" sizes=\"auto, (max-width: 1000px) 100vw, 1000px\" \/><\/p>\n<p style=\"text-align: center;\"><strong>Im Unterricht unserer Schulklasse ((Gimnazjum im. gen. Augustyna S\u0142ubickiego w Izbicy Kujawskiej). <\/strong>Foto von Frank R\u00fchlow<\/p>\n<p style=\"text-align: center;\"><strong>\u00a0<\/strong><\/p>\n<p style=\"text-align: center;\"><img loading=\"lazy\" decoding=\"async\" class=\"aligncenter size-large wp-image-3087\" src=\"http:\/\/www.linie41-film.net\/wp-content\/uploads\/2017\/04\/17976788_1961110934119087_1302316448_o-1024x680.jpg\" alt=\"17976788_1961110934119087_1302316448_o\" width=\"1000\" height=\"664\" srcset=\"http:\/\/www.linie41-film.net\/wp-content\/uploads\/2017\/04\/17976788_1961110934119087_1302316448_o-1024x680.jpg 1024w, http:\/\/www.linie41-film.net\/wp-content\/uploads\/2017\/04\/17976788_1961110934119087_1302316448_o-300x199.jpg 300w, http:\/\/www.linie41-film.net\/wp-content\/uploads\/2017\/04\/17976788_1961110934119087_1302316448_o.jpg 2048w\" sizes=\"auto, (max-width: 1000px) 100vw, 1000px\" \/><\/p>\n<h4 style=\"text-align: center;\">Foto von Frank R\u00fchlow<\/h4>\n<p style=\"text-align: center;\"><img loading=\"lazy\" decoding=\"async\" class=\"aligncenter size-large wp-image-3077\" src=\"http:\/\/www.linie41-film.net\/wp-content\/uploads\/2017\/04\/18015579_1961111007452413_1661715796_o-1024x680.jpg\" alt=\"18015579_1961111007452413_1661715796_o\" width=\"1000\" height=\"664\" srcset=\"http:\/\/www.linie41-film.net\/wp-content\/uploads\/2017\/04\/18015579_1961111007452413_1661715796_o-1024x680.jpg 1024w, http:\/\/www.linie41-film.net\/wp-content\/uploads\/2017\/04\/18015579_1961111007452413_1661715796_o-300x199.jpg 300w, http:\/\/www.linie41-film.net\/wp-content\/uploads\/2017\/04\/18015579_1961111007452413_1661715796_o.jpg 2048w\" sizes=\"auto, (max-width: 1000px) 100vw, 1000px\" \/><\/p>\n<p style=\"text-align: center;\"><strong>Im Unterricht der Schulklasse (Gimnazjum im. gen. Augustyna S\u0142ubickiego w Izbicy Kujawskiej). <\/strong>Foto von Frank R\u00fchlow<\/p>\n<p style=\"text-align: center;\"><img loading=\"lazy\" decoding=\"async\" class=\"aligncenter size-large wp-image-3235\" src=\"http:\/\/www.linie41-film.net\/wp-content\/uploads\/2017\/04\/18012961_1961146660782181_707864566_o-1024x430.jpg\" alt=\"18012961_1961146660782181_707864566_o\" width=\"1000\" height=\"420\" srcset=\"http:\/\/www.linie41-film.net\/wp-content\/uploads\/2017\/04\/18012961_1961146660782181_707864566_o-1024x430.jpg 1024w, http:\/\/www.linie41-film.net\/wp-content\/uploads\/2017\/04\/18012961_1961146660782181_707864566_o-300x126.jpg 300w, http:\/\/www.linie41-film.net\/wp-content\/uploads\/2017\/04\/18012961_1961146660782181_707864566_o.jpg 1970w\" sizes=\"auto, (max-width: 1000px) 100vw, 1000px\" \/><\/p>\n<p style=\"text-align: center;\"><strong>\u00a0<\/strong><\/p>\n<p style=\"text-align: center;\"><img loading=\"lazy\" decoding=\"async\" class=\"aligncenter size-large wp-image-3085\" src=\"http:\/\/www.linie41-film.net\/wp-content\/uploads\/2017\/04\/18012592_1961110937452420_739563206_o-1024x680.jpg\" alt=\"18012592_1961110937452420_739563206_o\" width=\"1000\" height=\"664\" srcset=\"http:\/\/www.linie41-film.net\/wp-content\/uploads\/2017\/04\/18012592_1961110937452420_739563206_o-1024x680.jpg 1024w, http:\/\/www.linie41-film.net\/wp-content\/uploads\/2017\/04\/18012592_1961110937452420_739563206_o-300x199.jpg 300w, http:\/\/www.linie41-film.net\/wp-content\/uploads\/2017\/04\/18012592_1961110937452420_739563206_o.jpg 2048w\" sizes=\"auto, (max-width: 1000px) 100vw, 1000px\" \/><\/p>\n<p style=\"text-align: center;\">\u00a0Foto von Frank R\u00fchlow<\/p>\n<p style=\"text-align: center;\"><strong>\u00a0<\/strong><\/p>\n<p style=\"text-align: center;\"><img loading=\"lazy\" decoding=\"async\" class=\"aligncenter size-large wp-image-3081\" src=\"http:\/\/www.linie41-film.net\/wp-content\/uploads\/2017\/04\/17968515_1961147610782086_1323768979_o-1024x683.jpg\" alt=\"17968515_1961147610782086_1323768979_o\" width=\"1000\" height=\"667\" srcset=\"http:\/\/www.linie41-film.net\/wp-content\/uploads\/2017\/04\/17968515_1961147610782086_1323768979_o-1024x683.jpg 1024w, http:\/\/www.linie41-film.net\/wp-content\/uploads\/2017\/04\/17968515_1961147610782086_1323768979_o-300x200.jpg 300w, http:\/\/www.linie41-film.net\/wp-content\/uploads\/2017\/04\/17968515_1961147610782086_1323768979_o.jpg 2048w\" sizes=\"auto, (max-width: 1000px) 100vw, 1000px\" \/><\/p>\n<p style=\"text-align: center;\"><strong>Natan Grossmann studiert Lieder ein. <\/strong>Foto von Frank R\u00fchlow<\/p>\n<p>&nbsp;<\/p>\n<p style=\"text-align: center;\"><strong>\u00a0<\/strong><\/p>\n","protected":false},"excerpt":{"rendered":"<p>\u00a0 11. April 2017 Izbica Kujawska &#8211; 11. April 2017 \u00a0Izbica Kujawska. Warum wir in diesen Ort gefahren sind? Dazu bald mehr. Foto von Frank R\u00fchlow \u00a0 Izbica Kujawska:\u00a0 St\u00e4tte des J\u00fcdischen Friedhofs des Ortes. Alle Grabsteine sind verschwunden. Der Friedhof wurde durch die deutschen Besatzer zerst\u00f6rt, die Grabsteine f\u00fcr den Stra\u00dfen- und H\u00e4userbau verwendet. <\/p>\n","protected":false},"author":1,"featured_media":3095,"parent":0,"menu_order":0,"comment_status":"closed","ping_status":"closed","template":"","meta":{"footnotes":""},"class_list":["post-3542","page","type-page","status-publish","has-post-thumbnail","hentry"],"_links":{"self":[{"href":"http:\/\/www.linie41-film.net\/en\/wp-json\/wp\/v2\/pages\/3542","targetHints":{"allow":["GET"]}}],"collection":[{"href":"http:\/\/www.linie41-film.net\/en\/wp-json\/wp\/v2\/pages"}],"about":[{"href":"http:\/\/www.linie41-film.net\/en\/wp-json\/wp\/v2\/types\/page"}],"author":[{"embeddable":true,"href":"http:\/\/www.linie41-film.net\/en\/wp-json\/wp\/v2\/users\/1"}],"replies":[{"embeddable":true,"href":"http:\/\/www.linie41-film.net\/en\/wp-json\/wp\/v2\/comments?post=3542"}],"version-history":[{"count":20,"href":"http:\/\/www.linie41-film.net\/en\/wp-json\/wp\/v2\/pages\/3542\/revisions"}],"predecessor-version":[{"id":4021,"href":"http:\/\/www.linie41-film.net\/en\/wp-json\/wp\/v2\/pages\/3542\/revisions\/4021"}],"wp:featuredmedia":[{"embeddable":true,"href":"http:\/\/www.linie41-film.net\/en\/wp-json\/wp\/v2\/media\/3095"}],"wp:attachment":[{"href":"http:\/\/www.linie41-film.net\/en\/wp-json\/wp\/v2\/media?parent=3542"}],"curies":[{"name":"wp","href":"https:\/\/api.w.org\/{rel}","templated":true}]}}