{"id":317,"date":"2015-04-08T17:48:25","date_gmt":"2015-04-08T15:48:25","guid":{"rendered":"http:\/\/www.linie41-film.net\/?page_id=317"},"modified":"2015-08-02T01:20:12","modified_gmt":"2015-08-01T23:20:12","slug":"infos-zum-film-2","status":"publish","type":"page","link":"http:\/\/www.linie41-film.net\/en\/infos-zum-film-2\/","title":{"rendered":"About \u201cLINE 41\u201d"},"content":{"rendered":"<p><span style=\"color: #000000;\"><span style=\"font-size: medium;\"><span lang=\"de-DE\">Throughout his adult life, Natan Grossmann (born in 1927) suppressed<\/span><\/span><\/span> <span style=\"color: #000000;\"><span style=\"font-size: medium;\"><span lang=\"de-DE\">memories of his captivity in the Lodz ghetto that had been set up by the Germans during World War II. He repressed his desire to learn about the circumstances of his parents&#8217; death as well as <\/span><\/span><\/span><span style=\"color: #193300;\"><span style=\"font-size: medium;\"><span lang=\"de-DE\">the fate of his brother to whom he had lost contact in 1942<\/span><\/span><\/span><span style=\"color: #000000;\"><span style=\"font-size: medium;\"><span lang=\"de-DE\">. Now, 70 years later, Grossmann starts to search for answers in \u0141\u00f3d\u017a (Poland) and immerses in an emotional confrontation with the past. As Grossmann gradually uncovers details about his brother\u2019s fate, memories of his parents and life and death in the ghetto return. He discovers facts and encounters people that he never would have imagined possible just a few years ago.<\/span><\/span><\/span><\/p>\n<p><a href=\"http:\/\/www.linie41-film.net\/wp-content\/uploads\/2015\/04\/44.jpg\"><img loading=\"lazy\" decoding=\"async\" class=\"  aligncenter wp-image-305 \" src=\"http:\/\/www.linie41-film.net\/wp-content\/uploads\/2015\/04\/44-771x1024.jpg\" alt=\"44\" width=\"902\" height=\"1198\" srcset=\"http:\/\/www.linie41-film.net\/wp-content\/uploads\/2015\/04\/44-771x1024.jpg 771w, http:\/\/www.linie41-film.net\/wp-content\/uploads\/2015\/04\/44-226x300.jpg 226w, http:\/\/www.linie41-film.net\/wp-content\/uploads\/2015\/04\/44.jpg 1506w\" sizes=\"auto, (max-width: 902px) 100vw, 902px\" \/><\/a><\/p>\n<p>&nbsp;<\/p>\n<p><span style=\"color: #000000;\"><span style=\"font-size: medium;\"><span lang=\"de-DE\">Jens-J\u00fcrgen Ventzki (born in 1944) is also researching his family&#8217;s past in \u0141\u00f3d\u017a. He is driven by a dark family secret\u00a0\u2014\u00a0his father Werner Ventzki was the Nazi Head Mayor of the city at that time, which was a centre of German repression and annihilation politics against Jews and Poles. <\/span><\/span><\/span><\/p>\n<p><span style=\"color: #000000;\"><span style=\"font-size: medium;\"><span lang=\"de-DE\">His father was a high ranking and fervent National Socialist, an administrative lawyer and \u201cSchreibtischt\u00e4ter\u201d (desktop perpetrator). Jens-J\u00fcrgen Ventzki sets out on a burdensome search for traces of his father\u2018s crimes and motifs, thereby breaking a long silence in his family.<\/span><\/span><\/span><\/p>\n<p><span lang=\"de-DE\">In tracing their family histories, Grossmann and Ventzki inevitably confront each other.<\/span><\/p>\n<p style=\"text-align: center;\"><a href=\"http:\/\/www.linie41-film.net\/wp-content\/uploads\/2015\/04\/ventzky-bearbeitet.jpg\"><img loading=\"lazy\" decoding=\"async\" class=\"alignnone wp-image-308 \" src=\"http:\/\/www.linie41-film.net\/wp-content\/uploads\/2015\/04\/ventzky-bearbeitet-1024x468.jpg\" alt=\"ventzky bearbeitet\" width=\"972\" height=\"444\" srcset=\"http:\/\/www.linie41-film.net\/wp-content\/uploads\/2015\/04\/ventzky-bearbeitet-1024x468.jpg 1024w, http:\/\/www.linie41-film.net\/wp-content\/uploads\/2015\/04\/ventzky-bearbeitet-300x137.jpg 300w, http:\/\/www.linie41-film.net\/wp-content\/uploads\/2015\/04\/ventzky-bearbeitet.jpg 1112w\" sizes=\"auto, (max-width: 972px) 100vw, 972px\" \/><\/a><\/p>\n<p>&nbsp;<\/p>\n<p><span lang=\"de-DE\">During this period, there was no other city in Europe where Germans, Poles and Jews lived physically so close to each other, yet practically worlds apart. Under German rule, a large ghetto was established within the city\u00a0\u2014\u00a0the second largest ghetto on occupied Polish soil. <\/span><\/p>\n<p><span lang=\"de-DE\">The suffering of the imprisoned Jewish people was plainly visible to streetcar passengers on their trips through the ghetto from the surrounding \u201cfree\u201d city. Several times a day for a period of more than four years, streetcar Line 41 passed through the ghetto.<\/span><\/p>\n<p>&nbsp;<\/p>\n<p><a href=\"http:\/\/www.linie41-film.net\/wp-content\/uploads\/2015\/05\/deBUTTON08.jpg\"><img loading=\"lazy\" decoding=\"async\" class=\"aligncenter wp-image-524 \" src=\"http:\/\/www.linie41-film.net\/wp-content\/uploads\/2015\/05\/deBUTTON08-1024x582.jpg\" alt=\"deBUTTON08\" width=\"892\" height=\"507\" srcset=\"http:\/\/www.linie41-film.net\/wp-content\/uploads\/2015\/05\/deBUTTON08-1024x582.jpg 1024w, http:\/\/www.linie41-film.net\/wp-content\/uploads\/2015\/05\/deBUTTON08-300x170.jpg 300w\" sizes=\"auto, (max-width: 892px) 100vw, 892px\" \/><\/a><\/p>\n<p><span style=\"color: #193300;\"><span style=\"font-size: medium;\"><span lang=\"de-DE\">\u00a0<\/span><\/span><\/span><\/p>\n<p>&nbsp;<\/p>\n<p><span style=\"color: #000000;\"><span style=\"font-size: medium;\"><span lang=\"de-DE\">To the captives, Line 41 was a sign of their own powerlessness and the indifference of those who rode the streetcar everyday: Germans and Poles. These citizens were essentially bystanders of crimes and repressed what they saw. Line 41 now seems to be a symbol of the general reticence and injustice that bystanders may willingly accept.<\/span><\/span><\/span><\/p>\n<p><span style=\"color: #000000;\"><span style=\"font-size: medium;\"><span lang=\"de-DE\">From survivors and witnesses, we learn how people behaved during the German occupation of \u0141\u00f3d\u017a: victims, perpetrators, and bystanders. We also learn about the ominous psychological implications of these events, even a sense of guilt felt by survivors. <\/span><\/span><\/span><\/p>\n<p><span style=\"color: #000000;\"><span style=\"font-size: medium;\"><span lang=\"de-DE\">After many years apart in completely different worlds, these Lodzers now meet and discuss their pasts.<\/span><\/span><\/span><\/p>\n<p>&nbsp;<\/p>\n","protected":false},"excerpt":{"rendered":"<p>Throughout his adult life, Natan Grossmann (born in 1927) suppressed memories of his captivity in the Lodz ghetto that had been set up by the Germans during World War II. He repressed his desire to learn about the circumstances of his parents&#8217; death as well as the fate of his brother to whom he had <\/p>\n","protected":false},"author":1,"featured_media":756,"parent":0,"menu_order":0,"comment_status":"closed","ping_status":"closed","template":"","meta":{"footnotes":""},"class_list":["post-317","page","type-page","status-publish","has-post-thumbnail","hentry"],"_links":{"self":[{"href":"http:\/\/www.linie41-film.net\/en\/wp-json\/wp\/v2\/pages\/317","targetHints":{"allow":["GET"]}}],"collection":[{"href":"http:\/\/www.linie41-film.net\/en\/wp-json\/wp\/v2\/pages"}],"about":[{"href":"http:\/\/www.linie41-film.net\/en\/wp-json\/wp\/v2\/types\/page"}],"author":[{"embeddable":true,"href":"http:\/\/www.linie41-film.net\/en\/wp-json\/wp\/v2\/users\/1"}],"replies":[{"embeddable":true,"href":"http:\/\/www.linie41-film.net\/en\/wp-json\/wp\/v2\/comments?post=317"}],"version-history":[{"count":10,"href":"http:\/\/www.linie41-film.net\/en\/wp-json\/wp\/v2\/pages\/317\/revisions"}],"predecessor-version":[{"id":960,"href":"http:\/\/www.linie41-film.net\/en\/wp-json\/wp\/v2\/pages\/317\/revisions\/960"}],"wp:featuredmedia":[{"embeddable":true,"href":"http:\/\/www.linie41-film.net\/en\/wp-json\/wp\/v2\/media\/756"}],"wp:attachment":[{"href":"http:\/\/www.linie41-film.net\/en\/wp-json\/wp\/v2\/media?parent=317"}],"curies":[{"name":"wp","href":"https:\/\/api.w.org\/{rel}","templated":true}]}}