{"id":2288,"date":"2017-02-24T13:44:36","date_gmt":"2017-02-24T12:44:36","guid":{"rendered":"http:\/\/www.linie41-film.net\/en\/?page_id=2288"},"modified":"2018-03-16T22:56:10","modified_gmt":"2018-03-16T21:56:10","slug":"follow-up","status":"publish","type":"page","link":"http:\/\/www.linie41-film.net\/en\/follow-up\/","title":{"rendered":"Commemorating Ber Grossman"},"content":{"rendered":"<p>&nbsp;<\/p>\n<h1 style=\"text-align: center;\">Encounters and exchange between witnesses and students<\/h1>\n<h4 style=\"text-align: center;\">Ber Grossman, brother of Natan Grossman, was murdered in March 1942 in the German extermination camp Kulmhof\/Chelmno.<\/h4>\n<h4 style=\"text-align: center;\">In commemoration of Ber, who was 19 years old when he died, we travelled to Poland in April 2017, together with Natan Grossman to places of their childhood and to places of terror.\u00a0 We, that is \u2013 Polish students from Izbica Kujawska, Jens-J\u00fcrgen Ventzki, son of the head mayor of the then German occupied city of \u0141\u00f3d\u017a\/Litzmannstadt, and other friends. We travelled to \u0141\u00f3d\u017a, Izbica Kujawska, Memorial Site of extermination camp Kulmhof (Che\u0142mno), and Zgierz where both brothers were born and grew up together.<\/h4>\n<p><img loading=\"lazy\" decoding=\"async\" class=\"aligncenter size-full wp-image-3946\" src=\"http:\/\/www.linie41-film.net\/wp-content\/uploads\/2017\/02\/Ber2017-Kopie.jpg\" alt=\"Ber2017 Kopie\" width=\"960\" height=\"540\" srcset=\"http:\/\/www.linie41-film.net\/wp-content\/uploads\/2017\/02\/Ber2017-Kopie.jpg 960w, http:\/\/www.linie41-film.net\/wp-content\/uploads\/2017\/02\/Ber2017-Kopie-300x169.jpg 300w, http:\/\/www.linie41-film.net\/wp-content\/uploads\/2017\/02\/Ber2017-Kopie-800x450.jpg 800w, http:\/\/www.linie41-film.net\/wp-content\/uploads\/2017\/02\/Ber2017-Kopie-413x232.jpg 413w\" sizes=\"auto, (max-width: 960px) 100vw, 960px\" \/><\/p>\n<p>&nbsp;<\/p>\n<h2 style=\"text-align: center;\"><\/h2>\n<h2 style=\"text-align: center;\"><strong>29. &amp; 30 November &amp; 1. December 2017 \u00a0 &gt; Izbica Kujawska\u00a0 and Warsaw<\/strong><\/h2>\n<p style=\"text-align: center;\"><span class=\"_4n-j _fbReactionComponent__eventDetailsContentTags fsl\" data-testid=\"event-permalink-details\"><span class=\"text_exposed_show\">Programm 29.11. &#8211; 1.12.:<\/span><\/span><\/p>\n<p>29.11.2017 \u2013 evening<\/p>\n<p>At the school in Izbica Kujawska &#8211; meetings between representatives of our partner school, a survivor of the Lodz Getto Natan Grossmann and members of the Line 41 Team<\/p>\n<p>30.11.2017 \u2013 all day<\/p>\n<p>Presentation of the documentation work of the students<\/p>\n<p>An ebook that documents encounters in Lodz, the memorial site of Kulmhof\/Chelmno and in Izbica Kujawska in October 2016 and April 2017 &#8211; the confrontation and analysis with historical facts and questions &#8211; and the meetings with witnesses, among them Natan Grossmann and Jens-J\u00fcrgen Ventzki.<\/p>\n<p>Ceremonial presentation of a gift of Natan Grossmann to Gimnazjum im. gen. Augustyna S\u0142ubickiego<br \/>\nw Izbicy Kujawskiej<\/p>\n<p>Cooking Workshop!<\/p>\n<p>Parallely all day there will be cooking workshops offered also for younger students under supervision of John Crust from Canada \u2013 Mazzo Ball Soup and bagels!<\/p>\n<p>1. 12. 2017 \u2013 all day<\/p>\n<p>Excursion with students and Natan Grossmann to Warsaw &#8212;&#8212;&gt; to POLIN Museum of the History of Polish Jews<\/p>\n<p><a href=\"https:\/\/en.wikipedia.org\/wiki\/POLIN_Museum_of_the_History_of_Polish_Jews\" target=\"_blank\" rel=\"nofollow\" data-lynx-mode=\"async\" data-lynx-uri=\"https:\/\/l.facebook.com\/l.php?u=https%3A%2F%2Fen.wikipedia.org%2Fwiki%2FPOLIN_Museum_of_the_History_of_Polish_Jews&amp;h=ATMtUEr127UFZYeClOsCMhUvJrH-LNb5yCwlkAIDe16XguX_9xgj1mntugia-DixRsvHB4IX7kQXwkXBbTLa_UOt7iWhUqT_4pWn8ktv4Fi2WXFSkFvPbwAGSM069lzDQLWR3drIwiZtulmFfwK-kvov9WaaMF4TdZfTLo3SHWFNx789jKQVxzovynJiRw\">https:\/\/en.wikipedia.org\/<wbr \/>wiki\/<wbr \/>POLIN_Museum_of_the_History<wbr \/>_of_Polish_Jews<\/a><\/p>\n<p>&nbsp;<\/p>\n<h2 style=\"text-align: center;\"><a href=\"http:\/\/www.linie41-film.net\/en\/impressionen-ber-grossman\/\">Photo documentation (April 2017 events) <\/a><\/h2>\n<h3 style=\"text-align: center;\"><strong>***<\/strong><\/h3>\n<p>&nbsp;<\/p>\n<p style=\"text-align: center;\">Our project is supported by<\/p>\n<p style=\"text-align: center;\"><a href=\"http:\/\/www.eva-verein.de\"><img loading=\"lazy\" decoding=\"async\" class=\"aligncenter  wp-image-131\" src=\"http:\/\/www.linie41-film.net\/wp-content\/uploads\/2015\/05\/EVA-logo_w_de-300x79.jpg\" alt=\"EVA-logo_w_de\" width=\"175\" height=\"46\" srcset=\"http:\/\/www.linie41-film.net\/wp-content\/uploads\/2015\/05\/EVA-logo_w_de-300x79.jpg 300w, http:\/\/www.linie41-film.net\/wp-content\/uploads\/2015\/05\/EVA-logo_w_de.jpg 412w\" sizes=\"auto, (max-width: 175px) 100vw, 175px\" \/><\/a><br \/>\n<a href=\"http:\/\/rb-stiftung.de\"><img loading=\"lazy\" decoding=\"async\" class=\"wp-image-328\" src=\"http:\/\/www.linie41-film.net\/wp-content\/uploads\/2015\/05\/logo_rb-stiftung-300x127.jpg\" alt=\"logo_rb-stiftung\" width=\"145\" height=\"62\" srcset=\"http:\/\/www.linie41-film.net\/wp-content\/uploads\/2015\/05\/logo_rb-stiftung-300x127.jpg 300w, http:\/\/www.linie41-film.net\/wp-content\/uploads\/2015\/05\/logo_rb-stiftung-1024x432.jpg 1024w, http:\/\/www.linie41-film.net\/wp-content\/uploads\/2015\/05\/logo_rb-stiftung.jpg 2000w\" sizes=\"auto, (max-width: 145px) 100vw, 145px\" \/><\/a><\/p>\n<h6 style=\"text-align: center;\"><img loading=\"lazy\" decoding=\"async\" class=\"aligncenter  wp-image-322\" src=\"http:\/\/www.linie41-film.net\/wp-content\/uploads\/2015\/04\/EVZ_OFF_CO_D_HD_S-1024x216.jpg\" alt=\"EVZ_OFF_CO_D_HD_S\" width=\"156\" height=\"33\" srcset=\"http:\/\/www.linie41-film.net\/wp-content\/uploads\/2015\/04\/EVZ_OFF_CO_D_HD_S-1024x216.jpg 1024w, http:\/\/www.linie41-film.net\/wp-content\/uploads\/2015\/04\/EVZ_OFF_CO_D_HD_S-300x63.jpg 300w\" sizes=\"auto, (max-width: 156px) 100vw, 156px\" \/><em> Programm \u201eBegegnungen mit Zeitzeugen\u201c<br \/>\n<\/em><\/h6>\n<p><a href=\"http:\/\/www.ursula-lachnit-fixson-stiftung.de\/\"><img loading=\"lazy\" decoding=\"async\" class=\"aligncenter  wp-image-2559\" src=\"http:\/\/www.linie41-film.net\/wp-content\/uploads\/2017\/02\/ULFS-Logo-cmyk-klein-300x130.jpg\" alt=\"Druck\" width=\"208\" height=\"90\" srcset=\"http:\/\/www.linie41-film.net\/wp-content\/uploads\/2017\/02\/ULFS-Logo-cmyk-klein-300x130.jpg 300w, http:\/\/www.linie41-film.net\/wp-content\/uploads\/2017\/02\/ULFS-Logo-cmyk-klein.jpg 908w\" sizes=\"auto, (max-width: 208px) 100vw, 208px\" \/><\/a><\/p>\n<p>&nbsp;<\/p>\n<p>&nbsp;<\/p>\n<h2 style=\"text-align: center;\"><span style=\"color: #333333;\"><strong>April 2017 &#8211; PROGRAM <\/strong><\/span><\/h2>\n<h3 style=\"text-align: center;\"><span style=\"color: #333333;\"><strong>9. April 2017 \u2013 \u0141\u00f3d\u017a<\/strong><\/span><\/h3>\n<p style=\"text-align: center;\"><span style=\"color: #333333;\">Excursions with students from Izbica Kujawska and \u0141\u00f3d\u017a with witnesses and<\/span><br \/>\n<span style=\"color: #333333;\"> main protagonists of LINIE 41, Natan Grossmann &amp; Jens-J\u00fcrgen Ventzki<\/span><\/p>\n<h3 style=\"text-align: center;\"><span style=\"color: #333333;\"><strong>***<\/strong><\/span><\/h3>\n<h3 style=\"text-align: center;\"><span style=\"color: #333333;\"><strong>10. April 2017 \u2013 \u0141\u00f3d\u017a<\/strong><\/span><\/h3>\n<p style=\"text-align: center;\"><span style=\"color: #333333;\">Excursions with student group and witnesses\/main protagonists<\/span><br \/>\n<span style=\"color: #333333;\"> Natan Grossmann &amp; Jens-J\u00fcrgen Ventzki<\/span><br \/>\n<span style=\"color: #333333;\"> in \u0141\u00f3d\u017a (former ghetto area).<\/span><\/p>\n<p style=\"text-align: center;\"><span style=\"color: #333333;\"><strong>1 pm &#8211; screening of LINIE 41 (excerpts) at \u0141\u00f3d\u017a university\u00a0 <\/strong><\/span><\/p>\n<p style=\"text-align: center;\"><span style=\"color: #333333;\"><strong>Instytut Socjologii Uniwersytetu \u0141\u00f3dzkiego<\/strong><\/span><br \/>\n<span style=\"color: #333333;\"> 90-214 \u0141\u00f3d\u017a, ul. Rewolucji 1905r. nr 41, <span class=\"_4n-j _fbReactionComponent__eventDetailsContentTags fsl\" data-testid=\"event-permalink-details\">room\/ sala F12<\/span><\/span><\/p>\n<p style=\"text-align: center;\"><span style=\"color: #333333;\">Q&amp;A with protagonists Natan Grossmann &amp; Jens-J\u00fcrgen Ventzki and Tanja Cummings<\/span><\/p>\n<h3 style=\"text-align: center;\"><span style=\"color: #333333;\"><strong>***<\/strong><\/span><\/h3>\n<p style=\"text-align: center;\"><span style=\"color: #333333;\"><strong>5 pm &#8211; screening of LINIE 41 at \u0141\u00f3d\u017a university<br \/>\n<\/strong><\/span><\/p>\n<p style=\"text-align: center;\"><span style=\"color: #333333;\"><strong>Instytut Filologii Germa\u0144skiej \u0141\u00f3dzkiego<\/strong><\/span><br \/>\n<span class=\"_4n-j _fbReactionComponent__eventDetailsContentTags fsl\" style=\"color: #333333;\" data-testid=\"event-permalink-details\"> ul. Pomorska 171\/173, 90-236 \u0141\u00f3d\u017a<br \/>\nsala 27 (Dr hab. Monika Kucner)<\/span><\/p>\n<h3 style=\"text-align: center;\"><span style=\"color: #333333;\"><strong>***<\/strong><\/span><\/h3>\n<h3 style=\"text-align: center;\"><span style=\"color: #333333;\"><strong>11. April 2017 \u2013 Izbica Kujawska<\/strong><\/span><\/h3>\n<p style=\"text-align: center;\"><span style=\"color: #333333;\"><strong>10 am &#8211; screening of LINIE 41 in Izbica Kujawska for citizens of the town. <\/strong><\/span><\/p>\n<p style=\"text-align: center;\"><span class=\"_4n-j _fbReactionComponent__eventDetailsContentTags fsl\" style=\"color: #333333;\" data-testid=\"event-permalink-details\"><strong>VENUE: Miejsko-Gminny, Dom Kultury<\/strong><br \/>\nNarutowicza, 87-865 Izbica Kujawska<\/span><\/p>\n<p style=\"text-align: center;\"><span style=\"color: #333333;\">Q&amp;A with protagonists Natan Grossmann &amp; Jens-J\u00fcrgen Ventzki and Tanja Cummings<\/span><\/p>\n<p style=\"text-align: center;\"><span style=\"color: #333333;\">Students lead the witnesses\/main protagonists through their home town Izbica Kujawska which has a rich Jewish history<\/span><\/p>\n<p style=\"text-align: center;\"><span style=\"color: #333333;\"><strong>\u00a0<\/strong><\/span><\/p>\n<h3 style=\"text-align: center;\"><span style=\"color: #333333;\"><strong>***<\/strong><\/span><\/h3>\n<h3 style=\"text-align: center;\"><span style=\"color: #333333;\"><strong>12. April 2017 \u2013 Che\u0142mno nad Nerem<br \/>\n<\/strong><\/span><\/h3>\n<p style=\"text-align: center;\"><span style=\"color: #333333;\">Joint travel to memorial site of extermination camp Kulmhof (Che\u0142mno).<\/span><\/p>\n<p style=\"text-align: center;\"><span style=\"color: #333333;\"><strong>11 am &#8211; screening of LINIE 41\u00a0 <\/strong><span class=\"_Xbe\"><strong>at Muzeum by\u0142ego niemieckiego Obozu Zag\u0142ady Kulmhof w Che\u0142mnie nad Nerem. Oddzia\u0142 Muzeum Martyrologicznego w \u017babikowie. Las Rzuchowski.<\/strong><br \/>\n<\/span><\/span><\/p>\n<p style=\"text-align: center;\"><span style=\"color: #333333;\">Q&amp;A with protagonists Natan Grossmann &amp; Jens-J\u00fcrgen Ventzki and Tanja Cummings<\/span><\/p>\n<p style=\"text-align: center;\"><span style=\"color: #333333;\">Unveiling of commemorative plaque by student group for Natan Grossmann&#8217;s older brother Ber,<\/span><br \/>\n<span style=\"color: #333333;\"> who in March 1942 (75 years ago) was murdered here.<\/span><\/p>\n<h3 style=\"text-align: center;\"><span style=\"color: #333333;\">\u00a0<strong>***<\/strong><\/span><\/h3>\n<h3 style=\"text-align: center;\"><span style=\"color: #333333;\"><strong>13. April 2017 \u2013 \u0141\u00f3d\u017a<\/strong><\/span><\/h3>\n<p style=\"text-align: center;\"><span style=\"color: #333333;\"><strong>6 pm &#8211; screening of LINIE 41 in \u0141\u00f3d\u017a at Centrum Dialogu<\/strong><\/span><br \/>\n<span style=\"color: #333333;\"> Q&amp;A with protagonists Natan Grossmann &amp; Jens-J\u00fcrgen Ventzki and Tanja Cummings<\/span><\/p>\n<p style=\"text-align: center;\"><span style=\"color: #333333;\"><em>Information on plans for second half 2017 see further down below.<\/em><\/span><\/p>\n<p style=\"text-align: center;\"><span style=\"color: #333333;\"><strong>Contact<\/strong><\/span><\/p>\n<p style=\"text-align: center;\">linie41@eva-verein.de<\/p>\n<h6 style=\"text-align: center;\"><img loading=\"lazy\" decoding=\"async\" class=\"aligncenter  wp-image-2430\" src=\"http:\/\/www.linie41-film.net\/wp-content\/uploads\/2017\/02\/natan-at-chelmno2011-01.jpg\" alt=\"natan-at-chelmno2011-01\" width=\"561\" height=\"640\" srcset=\"http:\/\/www.linie41-film.net\/wp-content\/uploads\/2017\/02\/natan-at-chelmno2011-01.jpg 794w, http:\/\/www.linie41-film.net\/wp-content\/uploads\/2017\/02\/natan-at-chelmno2011-01-263x300.jpg 263w\" sizes=\"auto, (max-width: 561px) 100vw, 561px\" \/><\/h6>\n<h6 style=\"text-align: center;\">\u00a0May &#8211; 2011 <em>Natan Grossmann at memorial site of Extermination camp Kulmhof <\/em><\/h6>\n<p>&nbsp;<\/p>\n<h6 style=\"text-align: center;\"><img loading=\"lazy\" decoding=\"async\" class=\"aligncenter  wp-image-2388\" src=\"http:\/\/www.linie41-film.net\/wp-content\/uploads\/2017\/02\/IMG_36491-1024x613.jpg\" alt=\"IMG_3649\" width=\"581\" height=\"347\" srcset=\"http:\/\/www.linie41-film.net\/wp-content\/uploads\/2017\/02\/IMG_36491-1024x613.jpg 1024w, http:\/\/www.linie41-film.net\/wp-content\/uploads\/2017\/02\/IMG_36491-300x179.jpg 300w\" sizes=\"auto, (max-width: 581px) 100vw, 581px\" \/><\/h6>\n<h6 style=\"text-align: center;\"><em>Area of Ghetto Lodz\/Litzmannstadt\u00a0 address where Natan Grossman&#8217;s family lived.<\/em><\/h6>\n<h6 style=\"text-align: center;\"><\/h6>\n<p>&nbsp;<\/p>\n<h6 style=\"text-align: center;\"><img loading=\"lazy\" decoding=\"async\" class=\"aligncenter  wp-image-2428\" src=\"http:\/\/www.linie41-film.net\/wp-content\/uploads\/2017\/02\/2011-01-1024x675.jpg\" alt=\"2011-01\" width=\"586\" height=\"386\" srcset=\"http:\/\/www.linie41-film.net\/wp-content\/uploads\/2017\/02\/2011-01-1024x675.jpg 1024w, http:\/\/www.linie41-film.net\/wp-content\/uploads\/2017\/02\/2011-01-300x198.jpg 300w, http:\/\/www.linie41-film.net\/wp-content\/uploads\/2017\/02\/2011-01.jpg 1490w\" sizes=\"auto, (max-width: 586px) 100vw, 586px\" \/><\/h6>\n<h6 style=\"text-align: center;\"><em>Memorial site of extermination camp Kulmhof (&#8220;Waldlager&#8221;)<\/em><\/h6>\n<h3 style=\"text-align: center;\"><\/h3>\n<h6 style=\"text-align: center;\"><em><img loading=\"lazy\" decoding=\"async\" class=\"aligncenter  wp-image-2315\" src=\"http:\/\/www.linie41-film.net\/wp-content\/uploads\/2017\/02\/IMG_3653-1024x622.jpg\" alt=\"IMG_3653\" width=\"591\" height=\"359\" srcset=\"http:\/\/www.linie41-film.net\/wp-content\/uploads\/2017\/02\/IMG_3653-1024x622.jpg 1024w, http:\/\/www.linie41-film.net\/wp-content\/uploads\/2017\/02\/IMG_3653-300x182.jpg 300w\" sizes=\"auto, (max-width: 591px) 100vw, 591px\" \/><\/em><\/h6>\n<h6 style=\"text-align: center;\"><em>\u00a0 Area of Ghetto Lodz\/Litzmannstadt &#8211; <\/em><\/h6>\n<h6 style=\"text-align: center;\"><em>address where Natan Grossman&#8217;s family lived.<br \/>\n<\/em><\/h6>\n<p><span style=\"color: #333333;\">\u00a0<\/span><\/p>\n<p style=\"text-align: center;\">\u00a0***<\/p>\n<h3 style=\"text-align: center;\"><strong>OUR PARTNERS for APRIL 2017<br \/>\n<\/strong><\/h3>\n<p style=\"text-align: center;\"><strong><span style=\"color: #ff6600;\"><a style=\"color: #ff6600;\" href=\"http:\/\/www.gimnazjumizbica.pl\/\">Augustyn-S\u0142ubicki-Gymnazium<\/a><\/span><\/strong> in Izbica Kujawska<br \/>\n<strong><span style=\"color: #ff6600;\"><a style=\"color: #ff6600;\" href=\"http:\/\/chelmno-muzeum.eu\/pl\/\">Memorial Site of the German Extermination Camp Kulmhof<\/a><\/span><\/strong>\/Che\u0142mno<\/p>\n<p style=\"text-align: center;\"><strong><a href=\"https:\/\/iso.uni.lodz.pl\/\"><span style=\"color: #ff6600;\">University of \u0141\u00f3d\u017a<\/span> <\/a><\/strong>(Poland)<br \/>\n<span style=\"color: #ff6600;\"><strong><a style=\"color: #ff6600;\" href=\"http:\/\/www.centrumdialogu.com\/\">Centrum Dialogu <\/a><\/strong><\/span>in \u0141\u00f3d\u017a (Poland)<br \/>\n<span style=\"color: #ff6600;\"><strong><a style=\"color: #ff6600;\" href=\"http:\/\/www.dhi.waw.pl\/\">German Historical Institute<\/a> <\/strong><\/span>Warszawa (PR)<br \/>\n<strong><span style=\"color: #ff6600;\"><a style=\"color: #ff6600;\" href=\"http:\/\/www.dialog.org.pl\/\">Forum Dialogu<\/a> <\/span><\/strong>Warszawa (PR)<br \/>\n<strong><span style=\"color: #ff6600;\"><a style=\"color: #ff6600;\" href=\"http:\/\/ariari.org\/\">Fundacji Ari Ari<\/a>\u00a0<\/span><\/strong><\/p>\n<p style=\"text-align: center;\">***<\/p>\n<p style=\"text-align: center;\">The<strong> student group<\/strong> from Izbica Kujawska (Poland) will document the encounters<br \/>\nand the exchange in April and publish the results November 2017 in an <em>ebook<\/em>.<\/p>\n<p>&nbsp;<\/p>\n<p>&nbsp;<\/p>\n<p>&nbsp;<\/p>\n<p><img loading=\"lazy\" decoding=\"async\" class=\"aligncenter  wp-image-2408\" src=\"http:\/\/www.linie41-film.net\/wp-content\/uploads\/2017\/02\/IMG_37041-1024x584.jpg\" alt=\"IMG_3704\" width=\"606\" height=\"345\" srcset=\"http:\/\/www.linie41-film.net\/wp-content\/uploads\/2017\/02\/IMG_37041-1024x584.jpg 1024w, http:\/\/www.linie41-film.net\/wp-content\/uploads\/2017\/02\/IMG_37041-300x171.jpg 300w\" sizes=\"auto, (max-width: 606px) 100vw, 606px\" \/><\/p>\n<p>&nbsp;<\/p>\n<h3 style=\"text-align: center;\"><\/h3>\n<p>&nbsp;<\/p>\n<h3 style=\"text-align: center;\"><strong>OUR SUPPORTERS<br \/>\n<\/strong><\/h3>\n<p style=\"text-align: center;\"><a href=\"http:\/\/www.eva-verein.de\"><img loading=\"lazy\" decoding=\"async\" class=\"aligncenter  wp-image-131\" src=\"http:\/\/www.linie41-film.net\/wp-content\/uploads\/2015\/05\/EVA-logo_w_de-300x79.jpg\" alt=\"EVA-logo_w_de\" width=\"221\" height=\"58\" srcset=\"http:\/\/www.linie41-film.net\/wp-content\/uploads\/2015\/05\/EVA-logo_w_de-300x79.jpg 300w, http:\/\/www.linie41-film.net\/wp-content\/uploads\/2015\/05\/EVA-logo_w_de.jpg 412w\" sizes=\"auto, (max-width: 221px) 100vw, 221px\" \/><\/a><br \/>\n<a href=\"http:\/\/rb-stiftung.de\"><img loading=\"lazy\" decoding=\"async\" class=\"aligncenter  wp-image-328\" src=\"http:\/\/www.linie41-film.net\/wp-content\/uploads\/2015\/05\/logo_rb-stiftung-300x127.jpg\" alt=\"logo_rb-stiftung\" width=\"176\" height=\"75\" srcset=\"http:\/\/www.linie41-film.net\/wp-content\/uploads\/2015\/05\/logo_rb-stiftung-300x127.jpg 300w, http:\/\/www.linie41-film.net\/wp-content\/uploads\/2015\/05\/logo_rb-stiftung-1024x432.jpg 1024w, http:\/\/www.linie41-film.net\/wp-content\/uploads\/2015\/05\/logo_rb-stiftung.jpg 2000w\" sizes=\"auto, (max-width: 176px) 100vw, 176px\" \/><\/a><\/p>\n<p style=\"text-align: center;\"><img loading=\"lazy\" decoding=\"async\" class=\"aligncenter  wp-image-322\" src=\"http:\/\/www.linie41-film.net\/wp-content\/uploads\/2015\/04\/EVZ_OFF_CO_D_HD_S-1024x216.jpg\" alt=\"EVZ_OFF_CO_D_HD_S\" width=\"218\" height=\"46\" srcset=\"http:\/\/www.linie41-film.net\/wp-content\/uploads\/2015\/04\/EVZ_OFF_CO_D_HD_S-1024x216.jpg 1024w, http:\/\/www.linie41-film.net\/wp-content\/uploads\/2015\/04\/EVZ_OFF_CO_D_HD_S-300x63.jpg 300w\" sizes=\"auto, (max-width: 218px) 100vw, 218px\" \/><em> Program \u201eEncounters with witnesses\u201c<br \/>\n<\/em><\/p>\n<p>\u00a0<a href=\"http:\/\/www.ursula-lachnit-fixson-stiftung.de\/\"><img loading=\"lazy\" decoding=\"async\" class=\"aligncenter size-medium wp-image-2560\" src=\"http:\/\/www.linie41-film.net\/wp-content\/uploads\/2017\/02\/ULFS-Logo-cmyk-klein-300x130.jpg\" alt=\"Druck\" width=\"300\" height=\"130\" srcset=\"http:\/\/www.linie41-film.net\/wp-content\/uploads\/2017\/02\/ULFS-Logo-cmyk-klein-300x130.jpg 300w, http:\/\/www.linie41-film.net\/wp-content\/uploads\/2017\/02\/ULFS-Logo-cmyk-klein.jpg 908w\" sizes=\"auto, (max-width: 300px) 100vw, 300px\" \/><\/a><\/p>\n<p style=\"text-align: center;\">***<\/p>\n<h3 style=\"text-align: center;\"><strong>PLEASE DONATE<br \/>\n<\/strong><\/h3>\n<p style=\"text-align: center;\">Please donate for our project and our non-profit organization &#8220;Europ\u00e4ischer Verein f\u00fcr Ost-West-Ann\u00e4herung e. V.&#8221;<br \/>\nContact us at <strong><span style=\"color: #ff6600;\"><a style=\"color: #ff6600;\" href=\"http:\/\/www.eva-verein.de\/US\/index2_en.html\">www.eva-verein.de\/US\/index2_en.html<\/a><\/span><\/strong><\/p>\n","protected":false},"excerpt":{"rendered":"<p>&nbsp; Encounters and exchange between witnesses and students Ber Grossman, brother of Natan Grossman, was murdered in March 1942 in the German extermination camp Kulmhof\/Chelmno. In commemoration of Ber, who was 19 years old when he died, we travelled to Poland in April 2017, together with Natan Grossman to places of their childhood and to <\/p>\n","protected":false},"author":1,"featured_media":4040,"parent":0,"menu_order":0,"comment_status":"closed","ping_status":"closed","template":"","meta":{"footnotes":""},"class_list":["post-2288","page","type-page","status-publish","has-post-thumbnail","hentry"],"_links":{"self":[{"href":"http:\/\/www.linie41-film.net\/en\/wp-json\/wp\/v2\/pages\/2288","targetHints":{"allow":["GET"]}}],"collection":[{"href":"http:\/\/www.linie41-film.net\/en\/wp-json\/wp\/v2\/pages"}],"about":[{"href":"http:\/\/www.linie41-film.net\/en\/wp-json\/wp\/v2\/types\/page"}],"author":[{"embeddable":true,"href":"http:\/\/www.linie41-film.net\/en\/wp-json\/wp\/v2\/users\/1"}],"replies":[{"embeddable":true,"href":"http:\/\/www.linie41-film.net\/en\/wp-json\/wp\/v2\/comments?post=2288"}],"version-history":[{"count":116,"href":"http:\/\/www.linie41-film.net\/en\/wp-json\/wp\/v2\/pages\/2288\/revisions"}],"predecessor-version":[{"id":4384,"href":"http:\/\/www.linie41-film.net\/en\/wp-json\/wp\/v2\/pages\/2288\/revisions\/4384"}],"wp:featuredmedia":[{"embeddable":true,"href":"http:\/\/www.linie41-film.net\/en\/wp-json\/wp\/v2\/media\/4040"}],"wp:attachment":[{"href":"http:\/\/www.linie41-film.net\/en\/wp-json\/wp\/v2\/media?parent=2288"}],"curies":[{"name":"wp","href":"https:\/\/api.w.org\/{rel}","templated":true}]}}