{"id":1611,"date":"2016-06-18T14:50:05","date_gmt":"2016-06-18T12:50:05","guid":{"rendered":"http:\/\/www.linie41-film.net\/en\/presseresonanz\/"},"modified":"2019-07-30T10:51:02","modified_gmt":"2019-07-30T08:51:02","slug":"resonanz","status":"publish","type":"page","link":"http:\/\/www.linie41-film.net\/en\/resonanz\/","title":{"rendered":"Resonanz auf den Film"},"content":{"rendered":"<h2><img loading=\"lazy\" decoding=\"async\" class=\"aligncenter  wp-image-3813\" src=\"http:\/\/www.linie41-film.net\/wp-content\/uploads\/2017\/10\/presse02-Kopie.jpg\" alt=\"presse02 Kopie\" width=\"1048\" height=\"1429\" srcset=\"http:\/\/www.linie41-film.net\/wp-content\/uploads\/2017\/10\/presse02-Kopie.jpg 1488w, http:\/\/www.linie41-film.net\/wp-content\/uploads\/2017\/10\/presse02-Kopie-220x300.jpg 220w, http:\/\/www.linie41-film.net\/wp-content\/uploads\/2017\/10\/presse02-Kopie-751x1024.jpg 751w\" sizes=\"auto, (max-width: 1048px) 100vw, 1048px\" \/><\/h2>\n<h2><img loading=\"lazy\" decoding=\"async\" class=\"aligncenter  wp-image-3806\" src=\"http:\/\/www.linie41-film.net\/wp-content\/uploads\/2017\/10\/presse01-Kopie.jpg\" alt=\"presse01 Kopie\" width=\"1167\" height=\"776\" srcset=\"http:\/\/www.linie41-film.net\/wp-content\/uploads\/2017\/10\/presse01-Kopie.jpg 1488w, http:\/\/www.linie41-film.net\/wp-content\/uploads\/2017\/10\/presse01-Kopie-300x200.jpg 300w, http:\/\/www.linie41-film.net\/wp-content\/uploads\/2017\/10\/presse01-Kopie-1024x681.jpg 1024w\" sizes=\"auto, (max-width: 1167px) 100vw, 1167px\" \/><\/h2>\n<h2>Presseartikel und TV-Beitr\u00e4ge<\/h2>\n<p><strong>\u00bb\u00dcberlebenskampf im KZ Auschwitz: Holocaust-\u00dcberlebender berichtet\u00ab<\/strong>,\u00a029.7.2019 im<a href=\"https:\/\/www.ovb-online.de\/rosenheim\/wasserburg\/ueberlebenskampf-auschwitz-holocaust-ueberlebender-berichtet-12867952.html\"> <strong>Oberbayerisches Volksblatt\u00a0<\/strong><\/a><\/p>\n<p>&#8212;&#8211;<\/p>\n<p><strong>ZDF-Sendung Dunja Hayali, 7. November 2018 &#8211; <\/strong>beide Hauptprotagonisten &#8211;<strong> Natan Grossmann und Jens-J\u00fcrgen Ventzki &#8211; zu Gast<\/strong><\/p>\n<p><strong>Link zur Sendung<\/strong> (online bis 7. November 2019):\u00a0<a href=\"https:\/\/www.zdf.de\/politik\/dunja-hayali\/dunja-hayali-am-7-november-2018-100.html?fbclid=IwAR1JLXG-DN6b_b47ikJCxTtMESOX_QQ-FhxIPnSAEwwGepdwJZCjmC6k6c0\">https:\/\/www.zdf.de\/politik\/dunja-hayali\/Natan-Grossmann-jens-Juergen-Ventzki<\/a><\/p>\n<p><strong>Text zur Sendung:<\/strong>\u00a0<a href=\"https:\/\/www.zdf.de\/nachrichten\/heute\/dunja-hayali-zu-antisemitismus-80-jahre-nach-novemberpogromen-100.html\">https:\/\/www.zdf.de\/nachrichten\/heute\/dunja-hayali-zu-antisemitismus-80-jahre-nach-novemberpogromen-100.html<\/a><\/p>\n<p>&#8212;&#8211;<\/p>\n<p><strong>\u00bbAus dem Ghetto nach Auschwitz\u00ab von Daniela H\u00f6lzle,\u00a05.9.2018 <\/strong>in der<strong> <a href=\"https:\/\/www.katholische-sonntagszeitung.de\/Im-Blickpunkt\/Aus-dem-Getto-nach-Auschwitz-Mittwoch-05.-September-2018-09-15-00\">Katholischen Sonntagszeitung<\/a><\/strong><\/p>\n<p>&#8212;&#8211;<\/p>\n<p><strong>\u00bbDen inneren Frieden gefunden\u00ab von Helmut Bader,<\/strong>\u00a0<strong>25.8.2018<\/strong> in der <strong><a href=\"https:\/\/www.augsburger-allgemeine.de\/mindelheim\/Den-inneren-Frieden-wieder-gefunden-id52013356.html?fbclid=IwAR14TkCK8QET4H4uxnCJ4aVLjVTZ18hRLQ786FLZeHwaGk5LwBNbdiIx8Mk\">Augsburger Allgemeinen<\/a><\/strong><\/p>\n<p>&#8212;&#8211;<\/p>\n<p class=\"p-fnt_cnd-bold--xxxl p-marg_t-m p-marg_b-xxl p-width_80p\"><strong>\u00bbLine 41 through ghetto\u00ab, by\u00a0Cynthia Ramsay, 6.7.2018 <\/strong>in the<strong>\u00a0 Jewish Independent (Canada)\u00a0<a href=\"http:\/\/www.jewishindependent.ca\/line-41-through-ghetto\/\">www.jewishindependent.ca\/<\/a><\/strong><\/p>\n<p>&#8212;&#8211;<\/p>\n<p class=\"entry-title\"><strong>\u00bbHistory Buffs In Whole Should See Film Movement\u2019s New WWII Doc \u2018Line 41\u2019 At Least\u00a0Once\u00ab,\u00a0philspicks,<\/strong>\u00a016.2.2018<strong>\u00a0<a href=\"https:\/\/philspicks.wordpress.com\/2018\/02\/16\/history-buffs-in-whole-should-see-film-movements-new-wwii-doc-line-41-at-least-once\/\">\u00a0<\/a><\/strong><a href=\"https:\/\/philspicks.wordpress.com\/2018\/02\/16\/history-buffs-in-whole-should-see-film-movements-new-wwii-doc-line-41-at-least-once\/\">philspicks.wordpress.com\/2018\/line-41\/<\/a><\/p>\n<p>&#8212;&#8211;<\/p>\n<p><strong>\u00bbAuschwitz rettete mein Leben\u00ab\u00a0 &#8211; Interviewaufzeichnung von <span class=\"moreInfo\">Jacqueline Worch<\/span><\/strong>, 14.10.2017 in <a href=\"https:\/\/www.svz.de\/lokales\/hagenower-kreisblatt\/auschwitz-rettete-mein-leben-id18051631.html\">Hagenower Kreisblatt<\/a><\/p>\n<p>&#8212;&#8211;<\/p>\n<p><strong>\u00bbFreundschaft \u00fcberwindet Leid\u00ab\u00a0 von <span class=\"moreInfo\">Richard M\u00f6llers<\/span><\/strong>, 3.8.2017 in der <a href=\"http:\/\/www.sueddeutsche.de\/muenchen\/dachau\/internationale-jugendbegegnung-freundschaft-ueberwindet-leid-1.3614172\">S\u00fcddeutschen Zeitung<\/a><\/p>\n<p>&#8212;&#8211;<\/p>\n<p><strong>\u00bbDie Wahrheit erz\u00e4hlen\u00ab\u00a0 von Katrin Diehl <\/strong>27.7.2017 in der <a href=\"http:\/\/www.juedische-allgemeine.de\/article\/view\/id\/29197\">J\u00fcdischen Allgemeinen<\/a><\/p>\n<p>&#8212;&#8211;<\/p>\n<p><strong>\u00bbSelig sind die \u00dcberlebenden\u00ab\u00a0 von Alex R\u00fchle<\/strong> \u00fcber w\u00f6chentliche Treffen \u00dcberlebender der Shoa im Caf\u00e9 Zelig (u. a. \u00fcber Natan Grossmann), 3.6.2017 in der <a href=\"http:\/\/www.sueddeutsche.de\/muenchen\/woechentliche-treffen-selig-sind-die-ueberlebenden-1.3532838\">S\u00fcddeutschen Zeitung<\/a><\/p>\n<p>&#8212;&#8211;<\/p>\n<p><strong>\u00bbWiseman films, Wertmuller\u2019s art, and a Holocaust search\u00ab &#8212;&#8211;&gt; \u00bbTracks of Tears!\u00ab\u00a0 von Peter Keough\u00a0<\/strong> 2.06.2017 im <a href=\"https:\/\/www.bostonglobe.com\/arts\/movies\/2017\/06\/01\/wiseman-films-wertmuller-art-and-holocaust-search\/eSvvcwlgirdeDEsVdsU7NN\/story.html\">The Boston Globe<\/a><\/p>\n<p><strong>TV-Berichterstattung (WIELKOPOLSKA TV) zur Vorf\u00fchrung am 12. 4. 2017<\/strong> in der Gedenkst\u00e4tte des Vernichtungslagers Kulmhof. <a href=\"http:\/\/wielkopolska.tv\/chelmno-film-ktory-polaczyl\/#\/?playlistId=0&amp;videoId=0\" target=\"_blank\" rel=\"nofollow noopener\">www.wielkopolska.tv\/chelmno-film<\/a><\/p>\n<p>&#8212;&#8211;<\/p>\n<p><strong>\u00bbMir sajnen do!\u00ab\u00a0 von Ellen Presser\u00a0<\/strong> 21.4.2017 in der <a href=\"http:\/\/www.juedische-allgemeine.de\/article\/view\/id\/28315\">J\u00fcdischen Allgemeinen<\/a><\/p>\n<p class=\"article-detail-headline\">&#8212;&#8211;<\/p>\n<p class=\"article-detail-headline\"><strong>\u201eR\u00fcckkehr in die Stadt des Ghettos\u201c <\/strong>von J\u00fcrgen Langenk\u00e4mper (Mindener Tageblatt) 8.3.2017:\u00a0<a href=\"http:\/\/www.mt.de\/lokales\/minden\/21713543_Rueckkehr-in-die-Stadt-des-Ghettos.html\">Bericht zur Vorf\u00fchrung im Rahmen der Woche der Br\u00fcderlichkeit<\/a><\/p>\n<p><strong>BERICHT<\/strong> zur Veranstaltung am 26.1.2017\u00a0<strong> Youtube-Kanal des Landtags von Mecklenburg-Vorpommern<\/strong> \u2014-&gt; <a href=\"https:\/\/www.youtube.com\/watch?v=1iiqihPbWHY\" target=\"_blank\" rel=\"nofollow noopener\">https:\/\/www.youtube.com\/watch?v=1iiqihPbWHY<\/a><\/p>\n<p>&#8212;&#8211;<\/p>\n<p><strong>\u201eHauptdarsteller aus zwei Welten\u201c\u00a0<\/strong> von Uwe K\u00f6hnke (Ludwigsluster Tageblatt) 17.1.2017:\u00a0 <a href=\"http:\/\/www.svz.de\/lokales\/ludwigsluster-tageblatt\/hauptdarsteller-aus-zwei-welten-id15855191.html\">Vorf\u00fchrungsank\u00fcndigung\/Rezension<\/a><\/p>\n<p>&#8212;&#8211;<\/p>\n<p><strong>Spurensuche\u201c<\/strong> von Marten Klose (Emder Zeitung) 26. 10.2016: <a href=\"http:\/\/www.linie41-film.net\/wp-content\/uploads\/2016\/11\/EZ_26.10.2016_Linie41_Bericht.jpg\">Rezension EMDER Zeitung 26.10.2016<\/a><\/p>\n<p>&#8212;&#8211;<\/p>\n<p><strong>INTERVIEW<\/strong> von Barbara Hoppe &gt; mit Tanja Cummings im <a href=\"http:\/\/www.feuilletonscout.com\/linie41-ein-dokumentarfilm-von-tanja-cummings-ueber-das-ghetto-in-lodz-und-seine-zeugen\/\">FEUILLETONSCOUT <\/a>(5.11.2016).<\/p>\n<p>&#8212;&#8211;<\/p>\n<p><strong>\u201eDoppelte Spurensuche\u201c<\/strong> von Marten Klose (Emder Zeitung) 26. 10.2016: <a href=\"http:\/\/www.linie41-film.net\/wp-content\/uploads\/2016\/11\/EZ_26.10.2016_Linie41_Bericht.jpg\">Rezension EMDER Zeitung 26.10.2016<\/a><\/p>\n<p>&#8212;&#8211;<\/p>\n<p><strong>\u201eD\u00fcsseldorf: Dokumentarfilm \u201eLinie 41\u201c geht auf Spurensuche mit Holocaust-\u00dcberlebenden\u201c <\/strong>von\u00a0Claudia H\u00f6tzendorfer (report-d) 29.10.2016:<a href=\"http:\/\/www.report-d.de\/Kultur\/Film\/Duesseldorf-Dokumentarfilm-Linie-41-geht-auf-Spurensuche-mit-Holocaust-Ueberlebenden-66715\">www.report-d.de\/Kultur\/Film\/Duesseldorf<\/a><\/p>\n<p>&#8212;&#8211;<\/p>\n<p><strong>ZEIT-Magazin<\/strong> (August 2016) \u00fcber unseren Protagonisten Natan Grossmann &#8211;&gt;\u00a0 <a href=\"https:\/\/www.facebook.com\/linie41\/photos\/pcb.531002460423269\/531002380423277\/?type=3&amp;theater\">Teil 1<\/a> und\u00a0 <a href=\"https:\/\/www.facebook.com\/linie41\/photos\/pcb.531002460423269\/531002420423273\/?type=3&amp;theater\">Teil 2<\/a><\/p>\n<p>&#8212;&#8211;<\/p>\n<p><strong>\u201eDer Kampf mit der Vergangenheit\u201c<\/strong> von Sarah Kugler (Potsdamer Neueste Nachrichten) 17.6.2016: <a href=\"http:\/\/www.pnn.de\/potsdam-kultur\/1087085\/\" target=\"_blank\" rel=\"nofollow noopener\">www.pnn.de\/potsdam-kultur\/<\/a><\/p>\n<p>&#8212;&#8211;<\/p>\n<p><strong>\u201eSp\u00e4te Suche\u201c<\/strong> von Helmut Reister (J\u00fcdische Allgemeine) 25.2.2016: <a href=\"http:\/\/www.juedische-allgemeine.de\/article\/view\/id\/24746\">www.juedische-allgemeine.de\/sp\u00e4tesuche<\/a><\/p>\n<p>&#8212;&#8211;<\/p>\n<p><strong>\u201eZwei Parallele Welten&#8221; <\/strong>von <span class=\"um-author\">Holger Catenhusen<\/span> (Potsdamer Neueste Nachrichten) 15.1.2016: <a href=\"http:\/\/www.pnn.de\/potsdam\/1041028\/\">www.pnn.de\/potsdam\/1041028\/<\/a><\/p>\n<p>&#8212;&#8211;<\/p>\n<p><strong>\u201eBewegendes Suchen und Verstehen\u201c<\/strong> von Patrick Plewee (Emder Zeitung) 28.10.2015: <a href=\"http:\/\/www.linie41-film.net\/wp-content\/uploads\/2016\/02\/EMDER-ZEITUNG_26.10.2015Rezension-zur-Vorf%C3%BChrung-am-23.Okt_.-in-Emden.jpg\">Rezension EMDER Zeitung 25.10.2015<\/a><\/p>\n<p><a href=\"https:\/\/www.facebook.com\/345837644857\/photos\/pcb.10153686459399858\/10153686452999858\/?type=3&amp;theater\"><img loading=\"lazy\" decoding=\"async\" class=\"alignleft  wp-image-1606\" src=\"http:\/\/www.linie41-film.net\/wp-content\/uploads\/2016\/06\/12472322_10153686452999858_7344769079477301817_n-209x300.png\" alt=\"12472322_10153686452999858_7344769079477301817_n\" width=\"270\" height=\"387\" srcset=\"http:\/\/www.linie41-film.net\/wp-content\/uploads\/2016\/06\/12472322_10153686452999858_7344769079477301817_n-209x300.png 209w, http:\/\/www.linie41-film.net\/wp-content\/uploads\/2016\/06\/12472322_10153686452999858_7344769079477301817_n.png 561w\" sizes=\"auto, (max-width: 270px) 100vw, 270px\" \/><\/a> <em>&#8220;<\/em><em>Zeitzeugen im Dokumentarfilm, das hei\u00dft oft \u201esprechende K\u00f6pfe\u201c und wenig oder gar keine filmische Gestaltung. Nicht so bei Cummings. Sie f\u00fchrt ihre Protagonisten an immer neue Orte, folgt ihnen bei Begegnungen mit ehemaligen Nachbarn, in Archive, Gedenkst\u00e4tten und die Universit\u00e4t Lodz, wo sie vor Studenten \u00fcber ihre Erinnerungen Auskunft geben. So gewinnt ihr Film an Dynamik, wird quasi zum<strong> dokumentarischen \u201eRoad Movie\u201c<\/strong>, dessen Spannungsbogen weniger aus den Ortswechseln als aus dem resultiert, was die beiden Zeitzeugen zu sagen und zu zeigen haben.&#8221; (Hans-Peter Dicks in CINEARTE, M\u00e4rz 2016)<\/em><\/p>\n<div class=\"row clearfix\"><\/div>\n<div class=\"art-text\"><\/div>\n<div class=\"art-text\"><\/div>\n<div class=\"art-text\"><\/div>\n<div class=\"art-text\"><\/div>\n<div class=\"art-text\"><\/div>\n<div class=\"art-text\"><\/div>\n<div class=\"art-text\"><\/div>\n<div class=\"art-text\"><\/div>\n<div class=\"art-text\">\n<h2><span style=\"color: #ffffff;\">Stimmen<\/span><\/h2>\n<\/div>\n<div class=\"row clearfix\">\n<div id=\"maincol\" class=\"eightcol clearfix\">\n<article class=\"art-item clearfix\">\n<div class=\"clearfix hyphenate\">\n<h2 class=\"art-text\"><em>&#8220;Cummings verzichtet auf gro\u00dfe Anklagen, gibt nur das N\u00f6tigste an Sachinformation und verl\u00e4sst sich weitgehend auf die emotionale Kraft ihrer Bilder. Kameramann Marek Iwicki folgt dem Geschehen flexibel und mit wachem Auge und schafft mit klug komponierten Einstellungen eine Stimmung zwischen Staunen und Nachdenklichkeit.&#8221; <\/em><\/h2>\n<p class=\"art-text\"><em>(Hans-Peter Dicks in CINEARTE, M\u00e4rz 2016)<br \/>\n<\/em><\/p>\n<div class=\"art-text\"><a href=\"http:\/\/www.linie41-film.net\/wp-content\/uploads\/2016\/06\/cinearte_Seite-1-bis-7-about-LINIE-41-6.jpg\"><img loading=\"lazy\" decoding=\"async\" class=\" size-medium wp-image-2366 aligncenter\" src=\"http:\/\/www.linie41-film.net\/wp-content\/uploads\/2016\/06\/cinearte_Seite-1-bis-7-about-LINIE-41-6-193x300.jpg\" alt=\"cinearte_Seite 1 bis 7-about-LINIE 41-6\" width=\"193\" height=\"300\" srcset=\"http:\/\/www.linie41-film.net\/wp-content\/uploads\/2016\/06\/cinearte_Seite-1-bis-7-about-LINIE-41-6-193x300.jpg 193w, http:\/\/www.linie41-film.net\/wp-content\/uploads\/2016\/06\/cinearte_Seite-1-bis-7-about-LINIE-41-6-659x1024.jpg 659w, http:\/\/www.linie41-film.net\/wp-content\/uploads\/2016\/06\/cinearte_Seite-1-bis-7-about-LINIE-41-6.jpg 1542w\" sizes=\"auto, (max-width: 193px) 100vw, 193px\" \/><\/a><\/div>\n<h6 class=\"art-text\" style=\"text-align: center;\">\u00a0<em>Klicken, um ganzen Artikel von Hans-Peter Dicks anzuzeigen<\/em><\/h6>\n<h6 class=\"art-text\" style=\"text-align: center;\"><em>in CINEARTE, M\u00e4rz 2016<\/em><\/h6>\n<\/div>\n<\/article>\n<\/div>\n<\/div>\n<div class=\"art-text\">\n<h2><em>\u201eEs entsteht eine<strong> Lektion in Geschichte, ohne vereinfachende Didaktik<\/strong> oder vorgestanzte Lerneinheiten und damit so modern, wie sie heute gebraucht wird.\u201c (Hans-Peter Dicks in CINEARTE, M\u00e4rz 2016)<br \/>\n<\/em><\/h2>\n<\/div>\n<div class=\"row clearfix\">\n<div id=\"maincol\" class=\"eightcol clearfix\">\n<article class=\"art-item clearfix\">\n<div class=\"art-text\"><\/div>\n<div class=\"art-text\">\n<p><strong>LINIE 41 &#8211; Gewinner des Spezialpreises auf dem<a href=\"http:\/\/www.neissefilmfestival.de\/index.php?id=startseite\"> 13. Neisse Film Festival\u00a0 <\/a>(Mai 2016 ). Begr\u00fcndung der Jury des <a href=\"http:\/\/www.filmverband-sachsen.de\/\">Filmverbands Sachsen<\/a>:<\/strong><\/p>\n<p><a href=\"http:\/\/www.linie41-film.net\/wp-content\/uploads\/2015\/04\/neisse.jpg\"><img loading=\"lazy\" decoding=\"async\" class=\"alignleft  wp-image-1728\" src=\"http:\/\/www.linie41-film.net\/wp-content\/uploads\/2015\/04\/neisse.jpg\" alt=\"neisse\" width=\"133\" height=\"186\" srcset=\"http:\/\/www.linie41-film.net\/wp-content\/uploads\/2015\/04\/neisse.jpg 429w, http:\/\/www.linie41-film.net\/wp-content\/uploads\/2015\/04\/neisse-215x300.jpg 215w\" sizes=\"auto, (max-width: 133px) 100vw, 133px\" \/><\/a><\/p>\n<p><em>&#8220;Der Preistr\u00e4gerfilm l\u00e4sst uns Zeuge einer langen Reise zweier Protagonisten werden, deren Ausgangspunkt nicht unterschiedlicher sein k\u00f6nnte: wenige Kilometer, daf\u00fcr aber Welten voneinander entfernt. Er erz\u00e4hlt von S\u00fchne und Demut und es ist der gro\u00dfe Verdienst der Regisseurin, den beiden M\u00e4nnern die letzten Meter ihrer Reise erm\u00f6glicht zu haben. Mit gro\u00dfer Empathie tritt sie als das Bindeglied auf, welches gebraucht wird, um eine individuelle Geschichte von universeller G\u00fcltigkeit zu Ende zu erz\u00e4hlen. <\/em><em>Der Preistr\u00e4gerfilm stellt sich der Manipulation der Geschichtsschreibung der Systeme und der pers\u00f6nlichen Verdr\u00e4ngung der Geschichte entgegen. Er zeigt, dass solange Hoffnung besteht, Ehrlichkeit, Empathie und Selbstreflektion die Grundlage unseres Zusammenlebens sind. Wir gratulieren Tanja Cummings zum Gewinn des Spezialpreises des 13. Neisse Film Festivals f\u00fcr ihren Film &#8216;LINIE 41&#8217;.&#8221;<\/em><\/p>\n<\/div>\n<h2><\/h2>\n<h2>Das Publikum spricht<\/h2>\n<\/article>\n<p><em>\u201eNatans Stimme ist fest. Aus seinen Augen blitzt der Schalk eines jungen Burschen, der die Welt erobern will. Ob alle im Raum \u00fcber 18 sind, will er wissen. Dann erz\u00e4hlt er von der freien Liebe im Kibbuz und anschlie\u00dfend noch einen j\u00fcdischen Witz. Ich h\u00e4tte aufstehen und ihn umarmen k\u00f6nnen. Was f\u00fcr ein Geschenk, dass dieser Mann die Gr\u00e4ueltaten des Naziregimes \u00fcberlebt hat und was f\u00fcr ein Wunder, dass er nicht daran zerbrochen ist. Vor mir sitzt die pure Resilienz. Ein Mensch, der Kraft daraus sch\u00f6pft, seine Geschichte zu erz\u00e4hlen und uns damit zu mahnen.\u201c &gt; <strong>Jeanette Hagen <a href=\"https:\/\/www.facebook.com\/notes\/jeannette-hagen\/natan-trump-und-eine-stra%C3%9Fenbahn\/1362062500478648\">Weiter zum Bericht-zur-Vorf\u00fchrung-am-9.November-2016-in-Berlin<\/a><\/strong><br \/>\n<\/em><\/p>\n<p><a href=\"http:\/\/www.linie41-film.net\/wp-content\/uploads\/2016\/06\/natan.jpg\"><img loading=\"lazy\" decoding=\"async\" class=\"  wp-image-2047 alignleft\" src=\"http:\/\/www.linie41-film.net\/wp-content\/uploads\/2016\/06\/natan.jpg\" alt=\"natan\" width=\"213\" height=\"159\" srcset=\"http:\/\/www.linie41-film.net\/wp-content\/uploads\/2016\/06\/natan.jpg 960w, http:\/\/www.linie41-film.net\/wp-content\/uploads\/2016\/06\/natan-300x225.jpg 300w\" sizes=\"auto, (max-width: 213px) 100vw, 213px\" \/><\/a><a href=\"http:\/\/www.linie41-film.net\/wp-content\/uploads\/2016\/06\/Runde.jpg\"><img loading=\"lazy\" decoding=\"async\" class=\"  wp-image-2049 alignleft\" src=\"http:\/\/www.linie41-film.net\/wp-content\/uploads\/2016\/06\/Runde.jpg\" alt=\"Runde\" width=\"261\" height=\"160\" srcset=\"http:\/\/www.linie41-film.net\/wp-content\/uploads\/2016\/06\/Runde.jpg 960w, http:\/\/www.linie41-film.net\/wp-content\/uploads\/2016\/06\/Runde-300x184.jpg 300w\" sizes=\"auto, (max-width: 261px) 100vw, 261px\" \/><\/a><a href=\"http:\/\/www.linie41-film.net\/wp-content\/uploads\/2016\/06\/jens.jpg\"><img loading=\"lazy\" decoding=\"async\" class=\"wp-image-2053 alignleft\" src=\"http:\/\/www.linie41-film.net\/wp-content\/uploads\/2016\/06\/jens.jpg\" alt=\"jens\" width=\"212\" height=\"159\" srcset=\"http:\/\/www.linie41-film.net\/wp-content\/uploads\/2016\/06\/jens.jpg 960w, http:\/\/www.linie41-film.net\/wp-content\/uploads\/2016\/06\/jens-300x225.jpg 300w\" sizes=\"auto, (max-width: 212px) 100vw, 212px\" \/><\/a><\/p>\n<p><em>Fotos von Jeannette Hagen<\/em><\/p>\n<\/div>\n<\/div>\n<div class=\"row clearfix\">\n<div id=\"maincol\" class=\"eightcol clearfix\">\n<article class=\"art-item clearfix\">\n<div class=\"art-text\"><a href=\"http:\/\/www.linie41-film.net\/wp-content\/uploads\/2016\/06\/IMG_3409-kl.jpg\"><img loading=\"lazy\" decoding=\"async\" class=\"  wp-image-2029 alignleft\" src=\"http:\/\/www.linie41-film.net\/wp-content\/uploads\/2016\/06\/IMG_3409-kl-1024x659.jpg\" alt=\"IMG_3409-kl\" width=\"506\" height=\"326\" srcset=\"http:\/\/www.linie41-film.net\/wp-content\/uploads\/2016\/06\/IMG_3409-kl-1024x659.jpg 1024w, http:\/\/www.linie41-film.net\/wp-content\/uploads\/2016\/06\/IMG_3409-kl-300x193.jpg 300w, http:\/\/www.linie41-film.net\/wp-content\/uploads\/2016\/06\/IMG_3409-kl.jpg 1772w\" sizes=\"auto, (max-width: 506px) 100vw, 506px\" \/><\/a><em>\u201eEine Stra\u00dfenbahnlinie, die Nr. 41, durchschnitt das Getto von Litzmannstadt, in das die deutschen Besatzer und NS-Machthaber 1940 die annektierte polnische Stadt \u0141\u00f3d\u017c umbenannt hatten. Noch heute sind viele St\u00e4tten des Gettos erhalten, in dem Ende 1941mehr als 100.000 Juden zusammengepfercht worden waren. Diese St\u00e4tten bilden di<span class=\"text_exposed_show\">e Kulisse f\u00fcr den Film von Tanja Cummings. Doch sind es die Protagonisten Natan Grossman und Jens J\u00fcrgen Ventzki, die einen Einblick in die Ungeheuerlichkeit, ja Monstrosit\u00e4t des Gettos vermitteln. Natan, der Getto und Auschwitz \u00fcberlebte, vertritt die Sicht der Opfer. Er bezeichnet die T\u00e4ter als \u201eBestien\u201c und hat eine positive Sicht auf das heutige Deutschland gewonnen, das er als Hort der Kultur und gro\u00dfer Werte bezeichnet. Vor dem Hintergrund des Holocausts ist das eine gro\u00dfartige Haltung. Sie ist aber auch eine gro\u00dfe Verpflichtung. Jens J\u00fcrgen Ventzki untersuchte die Verstrickungen seines Vaters als Oberb\u00fcrgermeister von Litzmannstadt. Er durchbricht die in seiner Familie praktizierte Verdr\u00e4ngung und arbeitet auf. Dieser Schritt erfolgte als Ergebnis eines langen Emanzipationsprozesses. <\/span>Tanja Cummings verdichtet die Geschichte der beiden Protagonisten zu einer dramatischen Handlung. Er bringt die Geschichte des Gettos und die von den NS-Machthabern begangenen Verbrechen in einer Form nahe, die auch junge Zuschauer besch\u00e4ftigt und so ein St\u00fcck lebendiger Geschichtsunterricht ist.&#8221; &#8212;<strong> Dr. Rolf Uphoff (Stadtarchiv Emden\/Max Windm\u00fcller Gesellschaft) 14.11.2016\u00a0 zur VORF\u00dcHRUNG am 24. 10.2016 in EMDEN<\/strong><br \/>\n<\/em><\/div>\n<\/article>\n<\/div>\n<\/div>\n","protected":false},"excerpt":{"rendered":"<p>Presseartikel und TV-Beitr\u00e4ge \u00bb\u00dcberlebenskampf im KZ Auschwitz: Holocaust-\u00dcberlebender berichtet\u00ab,\u00a029.7.2019 im Oberbayerisches Volksblatt\u00a0 &#8212;&#8211; ZDF-Sendung Dunja Hayali, 7. November 2018 &#8211; beide Hauptprotagonisten &#8211; Natan Grossmann und Jens-J\u00fcrgen Ventzki &#8211; zu Gast Link zur Sendung (online bis 7. November 2019):\u00a0https:\/\/www.zdf.de\/politik\/dunja-hayali\/Natan-Grossmann-jens-Juergen-Ventzki Text zur Sendung:\u00a0https:\/\/www.zdf.de\/nachrichten\/heute\/dunja-hayali-zu-antisemitismus-80-jahre-nach-novemberpogromen-100.html &#8212;&#8211; \u00bbAus dem Ghetto nach Auschwitz\u00ab von Daniela H\u00f6lzle,\u00a05.9.2018 in der Katholischen Sonntagszeitung <\/p>\n","protected":false},"author":1,"featured_media":1332,"parent":0,"menu_order":0,"comment_status":"closed","ping_status":"closed","template":"","meta":{"footnotes":""},"class_list":["post-1611","page","type-page","status-publish","has-post-thumbnail","hentry"],"_links":{"self":[{"href":"http:\/\/www.linie41-film.net\/en\/wp-json\/wp\/v2\/pages\/1611","targetHints":{"allow":["GET"]}}],"collection":[{"href":"http:\/\/www.linie41-film.net\/en\/wp-json\/wp\/v2\/pages"}],"about":[{"href":"http:\/\/www.linie41-film.net\/en\/wp-json\/wp\/v2\/types\/page"}],"author":[{"embeddable":true,"href":"http:\/\/www.linie41-film.net\/en\/wp-json\/wp\/v2\/users\/1"}],"replies":[{"embeddable":true,"href":"http:\/\/www.linie41-film.net\/en\/wp-json\/wp\/v2\/comments?post=1611"}],"version-history":[{"count":94,"href":"http:\/\/www.linie41-film.net\/en\/wp-json\/wp\/v2\/pages\/1611\/revisions"}],"predecessor-version":[{"id":5509,"href":"http:\/\/www.linie41-film.net\/en\/wp-json\/wp\/v2\/pages\/1611\/revisions\/5509"}],"wp:featuredmedia":[{"embeddable":true,"href":"http:\/\/www.linie41-film.net\/en\/wp-json\/wp\/v2\/media\/1332"}],"wp:attachment":[{"href":"http:\/\/www.linie41-film.net\/en\/wp-json\/wp\/v2\/media?parent=1611"}],"curies":[{"name":"wp","href":"https:\/\/api.w.org\/{rel}","templated":true}]}}